{"id":6822,"date":"2023-06-05T16:47:08","date_gmt":"2023-06-05T19:47:08","guid":{"rendered":"https:\/\/www.casastemporadaorlando.com\/?page_id=6822"},"modified":"2023-07-27T10:53:17","modified_gmt":"2023-07-27T13:53:17","slug":"vantagens-de-alugar-casa-de-temporada-em-orlando","status":"publish","type":"page","link":"https:\/\/casas.globalwd.com\/es\/ventajas-de-alquilar-una-casa-de-vacaciones-en-orlando\/","title":{"rendered":"Ventajas de alquilar una casa de vacaciones en Orlando"},"content":{"rendered":"<div data-elementor-type=\"wp-page\" data-elementor-id=\"6822\" class=\"elementor elementor-6822\" data-elementor-post-type=\"page\">\n\t\t\t\t\t\t<section class=\"elementor-section elementor-top-section elementor-element elementor-element-18ecb56f elementor-section-boxed elementor-section-height-default elementor-section-height-default\" data-id=\"18ecb56f\" data-element_type=\"section\">\n\t\t\t\t\t\t<div class=\"elementor-container elementor-column-gap-default\">\n\t\t\t\t\t<div class=\"elementor-column elementor-col-100 elementor-top-column elementor-element elementor-element-7f3f3f8\" data-id=\"7f3f3f8\" data-element_type=\"column\">\n\t\t\t<div class=\"elementor-widget-wrap elementor-element-populated\">\n\t\t\t\t\t\t<div class=\"elementor-element elementor-element-55695c92 elementor-widget elementor-widget-text-editor\" data-id=\"55695c92\" data-element_type=\"widget\" data-widget_type=\"text-editor.default\">\n\t\t\t\t<div class=\"elementor-widget-container\">\n\t\t\t<style>\/*! elementor - v3.23.0 - 05-08-2024 *\/\n.elementor-widget-text-editor.elementor-drop-cap-view-stacked .elementor-drop-cap{background-color:#69727d;color:#fff}.elementor-widget-text-editor.elementor-drop-cap-view-framed .elementor-drop-cap{color:#69727d;border:3px solid;background-color:transparent}.elementor-widget-text-editor:not(.elementor-drop-cap-view-default) .elementor-drop-cap{margin-top:8px}.elementor-widget-text-editor:not(.elementor-drop-cap-view-default) .elementor-drop-cap-letter{width:1em;height:1em}.elementor-widget-text-editor .elementor-drop-cap{float:left;text-align:center;line-height:1;font-size:50px}.elementor-widget-text-editor .elementor-drop-cap-letter{display:inline-block}<\/style>\t\t\t\t<p>Si has decidido que el pr\u00f3ximo destino de tu familia ser\u00e1 <strong>disney<\/strong> y quieres empezar a planificar tu viaje, ahora es el momento de elegir si te vas a alojar en un hotel o en un <strong>casa de vacaciones en orlando<\/strong>. Al fin y al cabo, \u00bfqu\u00e9 opci\u00f3n es la m\u00e1s ventajosa? \u00bfMas economico? \u00bfM\u00e1s c\u00f3modo? A continuaci\u00f3n, enumeramos los principales <strong>Ventajas de alquilar una propiedad en Orlando<\/strong>, incluyendo: comodidad, econom\u00eda y privacidad. \u00a1Consulta nuestros consejos y reserva tu viaje ahora!<\/p><p style=\"text-align: center;\"><strong>1) Posibilidad de cocinar en casa.<\/strong><\/p><p><img fetchpriority=\"high\" decoding=\"async\" class=\"alignnone wp-image-6823 size-large aligncenter\" src=\"https:\/\/www.casastemporadaorlando.com\/wp-content\/uploads\/2023\/06\/casas-temporada-cozinha-1024x595.jpg\" alt=\"\" width=\"828\" height=\"481\" srcset=\"https:\/\/casas.globalwd.com\/wp-content\/uploads\/2023\/06\/casas-temporada-cozinha-1024x595.jpg 1024w, https:\/\/casas.globalwd.com\/wp-content\/uploads\/2023\/06\/casas-temporada-cozinha-300x174.jpg 300w, https:\/\/casas.globalwd.com\/wp-content\/uploads\/2023\/06\/casas-temporada-cozinha-768x446.jpg 768w, https:\/\/casas.globalwd.com\/wp-content\/uploads\/2023\/06\/casas-temporada-cozinha-150x87.jpg 150w, https:\/\/casas.globalwd.com\/wp-content\/uploads\/2023\/06\/casas-temporada-cozinha-600x348.jpg 600w, https:\/\/casas.globalwd.com\/wp-content\/uploads\/2023\/06\/casas-temporada-cozinha.jpg 1240w\" sizes=\"(max-width: 828px) 100vw, 828px\" \/><br \/>Una de las mayores ventajas de <strong>alquilar propiedad vacacional en Disney<\/strong> Es la posibilidad de tener una cocina disponible las 24 horas del d\u00eda, para preparar tus platos y snacks favoritos para llevar en tus salidas. Como gran parte de tu presupuesto de vacaciones lo gastar\u00e1s en comida, esta peque\u00f1a pr\u00e1ctica de ir al supermercado en lugar de comer fuera todo el tiempo te ayudar\u00e1 a ahorrar mucho en tu viaje a Disney.<\/p><p>Preparar comidas en casa tambi\u00e9n puede ser una forma de mantenerse saludable y evitar la comida r\u00e1pida. Cabe mencionar que todas las casas en renta en Orlando cuentan con cocinas totalmente equipadas, con estufa, horno, refrigerador, microondas, lavavajillas, entre otros utensilios del hogar.<\/p><p style=\"text-align: center;\"><strong>2) Ahorro en el precio del alojamiento para grupos<\/strong><\/p><p><img decoding=\"async\" class=\"wp-image-6827 size-large aligncenter\" src=\"https:\/\/www.casastemporadaorlando.com\/wp-content\/uploads\/2023\/06\/casas-temporada-orlando-sala-1024x595.jpg\" alt=\"\" width=\"828\" height=\"481\" srcset=\"https:\/\/casas.globalwd.com\/wp-content\/uploads\/2023\/06\/casas-temporada-orlando-sala-1024x595.jpg 1024w, https:\/\/casas.globalwd.com\/wp-content\/uploads\/2023\/06\/casas-temporada-orlando-sala-300x174.jpg 300w, https:\/\/casas.globalwd.com\/wp-content\/uploads\/2023\/06\/casas-temporada-orlando-sala-768x446.jpg 768w, https:\/\/casas.globalwd.com\/wp-content\/uploads\/2023\/06\/casas-temporada-orlando-sala-150x87.jpg 150w, https:\/\/casas.globalwd.com\/wp-content\/uploads\/2023\/06\/casas-temporada-orlando-sala-600x348.jpg 600w, https:\/\/casas.globalwd.com\/wp-content\/uploads\/2023\/06\/casas-temporada-orlando-sala.jpg 1240w\" sizes=\"(max-width: 828px) 100vw, 828px\" \/><br \/>Imag\u00ednate el escenario: Si la idea es viajar con un grupo de 10 personas y eliges una casa con una tarifa diaria desde US$ 140, \u00a1cada hu\u00e9sped solo pagar\u00eda US$ 14! Es decir, una cantidad que nunca pagar\u00edas en un hotel de lujo; incluso puedes encontrar algo parecido, pero en alojamientos muy deficientes y sin seguridad. Por tanto, en este caso, la casa es una opci\u00f3n m\u00e1s econ\u00f3mica, c\u00f3moda y segura.<\/p><p>Recordando que las propiedades vacacionales m\u00e1s sencillas son aquellas que, en Brasil, pueden considerarse de alto nivel: casas grandes, con jard\u00edn, cocina completa, piscina y zona de ocio. Adem\u00e1s, por s\u00f3lo unos pocos d\u00f3lares m\u00e1s puedes conseguir edificios de dos o tres pisos y a\u00fan m\u00e1s espacio para disfrutar.<\/p><p>\u00a0<\/p><p style=\"text-align: center;\"><strong>3) Seguridad que brindan los condominios<\/strong><\/p><p style=\"text-align: center;\"><img decoding=\"async\" class=\"wp-image-6829 size-large aligncenter\" src=\"https:\/\/www.casastemporadaorlando.com\/wp-content\/uploads\/2023\/06\/casas-temporada-orlando-condominios-1024x595.jpg\" alt=\"\" width=\"828\" height=\"481\" srcset=\"https:\/\/casas.globalwd.com\/wp-content\/uploads\/2023\/06\/casas-temporada-orlando-condominios-1024x595.jpg 1024w, https:\/\/casas.globalwd.com\/wp-content\/uploads\/2023\/06\/casas-temporada-orlando-condominios-300x174.jpg 300w, https:\/\/casas.globalwd.com\/wp-content\/uploads\/2023\/06\/casas-temporada-orlando-condominios-768x446.jpg 768w, https:\/\/casas.globalwd.com\/wp-content\/uploads\/2023\/06\/casas-temporada-orlando-condominios-150x87.jpg 150w, https:\/\/casas.globalwd.com\/wp-content\/uploads\/2023\/06\/casas-temporada-orlando-condominios-600x348.jpg 600w, https:\/\/casas.globalwd.com\/wp-content\/uploads\/2023\/06\/casas-temporada-orlando-condominios.jpg 1240w\" sizes=\"(max-width: 828px) 100vw, 828px\" \/><\/p><p style=\"text-align: left;\"><span style=\"text-align: start;\">Por el mismo precio que alquilas una casa vacacional con toda la infraestructura y seguridad para tu familia, puedes alojarte en un hotel econ\u00f3mico, en pareja, por ejemplo. La gran diferencia es la seguridad que brindan estos hostings. \u00a1Adem\u00e1s disponemos de casas y apartamentos de varios tama\u00f1os y capacidades! Cont\u00e1ctenos y obtenga una cotizaci\u00f3n ahora.<\/span><\/p><p style=\"text-align: left;\"><span style=\"text-align: start;\">Si bien las casas generalmente est\u00e1n ubicadas en condominios seguros y constantemente monitoreados, lo que imposibilita el ingreso de extra\u00f1os, existen muchos hoteles vulnerables, que generalmente cuentan con suites de f\u00e1cil acceso para posibles robos. Por tanto, si pretendes realizar compras importantes, conviene tener en cuenta que tu patrimonio estar\u00e1 mucho m\u00e1s seguro en una casa vacacional.<\/span><\/p><p style=\"text-align: center;\"><strong>4) Zona de ocio privada para disfrutar sin estr\u00e9s<\/strong><\/p><p><img loading=\"lazy\" decoding=\"async\" class=\"size-large wp-image-6831 aligncenter\" src=\"https:\/\/www.casastemporadaorlando.com\/wp-content\/uploads\/2023\/06\/casas-temporada-orlando-piscina-privativa-1024x595.jpg\" alt=\"\" width=\"828\" height=\"481\" srcset=\"https:\/\/casas.globalwd.com\/wp-content\/uploads\/2023\/06\/casas-temporada-orlando-piscina-privativa-1024x595.jpg 1024w, https:\/\/casas.globalwd.com\/wp-content\/uploads\/2023\/06\/casas-temporada-orlando-piscina-privativa-300x174.jpg 300w, https:\/\/casas.globalwd.com\/wp-content\/uploads\/2023\/06\/casas-temporada-orlando-piscina-privativa-768x446.jpg 768w, https:\/\/casas.globalwd.com\/wp-content\/uploads\/2023\/06\/casas-temporada-orlando-piscina-privativa-150x87.jpg 150w, https:\/\/casas.globalwd.com\/wp-content\/uploads\/2023\/06\/casas-temporada-orlando-piscina-privativa-600x348.jpg 600w, https:\/\/casas.globalwd.com\/wp-content\/uploads\/2023\/06\/casas-temporada-orlando-piscina-privativa.jpg 1240w\" sizes=\"(max-width: 828px) 100vw, 828px\" \/><\/p><p>La mayor\u00eda de <strong>casas en alquiler en orlando<\/strong> Cuentan con piscina privada con asador y \u00e1rea de ocio con parque infantil para ni\u00f1os en el condominio. \u00bfImaginas aprovechar esta infraestructura y organizar un asado junto a la piscina con tu familia? Adem\u00e1s, muchos condominios cuentan con gimnasio y amplias \u00e1reas verdes con lagos, para quienes quieran relajarse o hacer ejercicio.<\/p><p>Algunos resorts son tan geniales que incluso tienen una tienda de conveniencia, una sala de juegos y un cine en su interior. De esta manera, podr\u00e1s disfrutar de momentos fuera de los parques con tu familia, con la mayor comodidad, privacidad y comodidad, sin tener que desplazarte muy lejos. Al alquilar una casa en Disney, vale la pena estar atento a lo que ofrece el condominio.<\/p><p style=\"text-align: center;\"><strong>5) Privacidad y comodidad para tu familia<\/strong><\/p><p><img loading=\"lazy\" decoding=\"async\" class=\"size-large wp-image-6833 aligncenter\" src=\"https:\/\/www.casastemporadaorlando.com\/wp-content\/uploads\/2023\/06\/casas-temporada-orlando-privacidade-1024x595.jpg\" alt=\"\" width=\"828\" height=\"481\" srcset=\"https:\/\/casas.globalwd.com\/wp-content\/uploads\/2023\/06\/casas-temporada-orlando-privacidade-1024x595.jpg 1024w, https:\/\/casas.globalwd.com\/wp-content\/uploads\/2023\/06\/casas-temporada-orlando-privacidade-300x174.jpg 300w, https:\/\/casas.globalwd.com\/wp-content\/uploads\/2023\/06\/casas-temporada-orlando-privacidade-768x446.jpg 768w, https:\/\/casas.globalwd.com\/wp-content\/uploads\/2023\/06\/casas-temporada-orlando-privacidade-150x87.jpg 150w, https:\/\/casas.globalwd.com\/wp-content\/uploads\/2023\/06\/casas-temporada-orlando-privacidade-600x348.jpg 600w, https:\/\/casas.globalwd.com\/wp-content\/uploads\/2023\/06\/casas-temporada-orlando-privacidade.jpg 1240w\" sizes=\"(max-width: 828px) 100vw, 828px\" \/><\/p><p>Hay personas que odian esa sensaci\u00f3n de no sentirse como en casa mientras viajan. Un hotel siempre te recuerda que est\u00e1s en movimiento. Al contrario, una casa, incluso de temporada, trae consigo ese ambiente acogedor. Podr\u00e1s descansar en el sof\u00e1, caminar por el condominio, preparar una taza de caf\u00e9 cuando quieras y no ser molestado por nadie.<\/p><p>Llegar y salir en cualquier momento, hacer un asado, una fiesta\u2026 alquilar una propiedad vacacional en Orlando es como estar en tu propia casa, pero con la ventaja de estar al lado de Disney, con toda la infraestructura para que el viaje sea inolvidable.<\/p><p style=\"text-align: center;\"><strong>6) \u00a1Experimenta el estilo de vida americano!<\/strong><\/p><p><img loading=\"lazy\" decoding=\"async\" class=\"size-large wp-image-6835 aligncenter\" src=\"https:\/\/www.casastemporadaorlando.com\/wp-content\/uploads\/2023\/06\/casas-temporada-orlando-churrasco-1024x595.jpg\" alt=\"\" width=\"828\" height=\"481\" srcset=\"https:\/\/casas.globalwd.com\/wp-content\/uploads\/2023\/06\/casas-temporada-orlando-churrasco-1024x595.jpg 1024w, https:\/\/casas.globalwd.com\/wp-content\/uploads\/2023\/06\/casas-temporada-orlando-churrasco-300x174.jpg 300w, https:\/\/casas.globalwd.com\/wp-content\/uploads\/2023\/06\/casas-temporada-orlando-churrasco-768x446.jpg 768w, https:\/\/casas.globalwd.com\/wp-content\/uploads\/2023\/06\/casas-temporada-orlando-churrasco-150x87.jpg 150w, https:\/\/casas.globalwd.com\/wp-content\/uploads\/2023\/06\/casas-temporada-orlando-churrasco-600x348.jpg 600w, https:\/\/casas.globalwd.com\/wp-content\/uploads\/2023\/06\/casas-temporada-orlando-churrasco.jpg 1240w\" sizes=\"(max-width: 828px) 100vw, 828px\" \/><br \/>Otra ventaja de optar por alquilar una casa de vacaciones es la posibilidad de experimentar el American Way of Life, es decir, disfrutar del estilo de vida t\u00edpicamente americano mientras est\u00e1s en Orlando. Conozca las caracter\u00edsticas de una casa en Estados Unidos, su infraestructura, disfrute de un asado junto a la piscina, maneje por la ciudad, ande en bicicleta en el condominio, vaya al gimnasio, al supermercado, etc.<\/p><p>Sin mencionar que muchas de las propiedades aceptan mascotas, por lo que llevar a su perro a experimentar todo esto tambi\u00e9n es una posibilidad.<\/p><p style=\"text-align: center;\"><strong>7) Soporte de Global Homes\/CFRM Villas (con licencia en Florida desde 2005)<\/strong><\/p><p><img loading=\"lazy\" decoding=\"async\" class=\"size-large wp-image-6836 aligncenter\" src=\"https:\/\/www.casastemporadaorlando.com\/wp-content\/uploads\/2023\/06\/casas-temporada-orlando-disney-1024x595.jpg\" alt=\"\" width=\"828\" height=\"481\" srcset=\"https:\/\/casas.globalwd.com\/wp-content\/uploads\/2023\/06\/casas-temporada-orlando-disney-1024x595.jpg 1024w, https:\/\/casas.globalwd.com\/wp-content\/uploads\/2023\/06\/casas-temporada-orlando-disney-300x174.jpg 300w, https:\/\/casas.globalwd.com\/wp-content\/uploads\/2023\/06\/casas-temporada-orlando-disney-768x446.jpg 768w, https:\/\/casas.globalwd.com\/wp-content\/uploads\/2023\/06\/casas-temporada-orlando-disney-150x87.jpg 150w, https:\/\/casas.globalwd.com\/wp-content\/uploads\/2023\/06\/casas-temporada-orlando-disney-600x348.jpg 600w, https:\/\/casas.globalwd.com\/wp-content\/uploads\/2023\/06\/casas-temporada-orlando-disney.jpg 1240w\" sizes=\"(max-width: 828px) 100vw, 828px\" \/><br \/>Despu\u00e9s de comprobar todas las ventajas que tiene alquilar una casa vacacional en Disney, es hora de elegir la empresa que te asesorar\u00e1 en esta aventura. Aqu\u00ed en <strong>Hogares globales<\/strong> Ofrecemos soporte completo (\u00a1en portugu\u00e9s, ingl\u00e9s y espa\u00f1ol!) desde la etapa de planificaci\u00f3n de su viaje a Brasil hasta el momento final de su estad\u00eda en Estados Unidos.<\/p><p style=\"text-align: center;\"><strong>\u00a1As\u00ed que lo \u00fanico de lo que tendr\u00e1s que preocuparte es de divertirte!<\/strong><\/p><p style=\"text-align: center;\"><strong>Alexandre Gomes \u2013 Director General en Brasil<\/strong><\/p>\t\t\t\t\t\t<\/div>\n\t\t\t\t<\/div>\n\t\t\t\t\t<\/div>\n\t\t<\/div>\n\t\t\t\t\t<\/div>\n\t\t<\/section>\n\t\t\t\t<\/div>","protected":false},"excerpt":{"rendered":"<p>Se voc\u00ea decidiu que o pr\u00f3ximo destino de sua fam\u00edlia ser\u00e1 a Disney e j\u00e1 quer come\u00e7ar a planejar a viagem, \u00e9 o momento de escolher se vai se hospedar em hotel ou em uma casa de temporada em Orlando. Afinal, qual op\u00e7\u00e3o \u00e9 a mais vantajosa? Mais econ\u00f4mica? Mais confort\u00e1vel? A seguir, listamos as&#8230;<\/p>","protected":false},"author":1,"featured_media":0,"parent":0,"menu_order":0,"comment_status":"closed","ping_status":"closed","template":"templates\/full-width.php","meta":{"footnotes":""},"class_list":["post-6822","page","type-page","status-publish","hentry"],"_links":{"self":[{"href":"https:\/\/casas.globalwd.com\/es\/wp-json\/wp\/v2\/pages\/6822","targetHints":{"allow":["GET"]}}],"collection":[{"href":"https:\/\/casas.globalwd.com\/es\/wp-json\/wp\/v2\/pages"}],"about":[{"href":"https:\/\/casas.globalwd.com\/es\/wp-json\/wp\/v2\/types\/page"}],"author":[{"embeddable":true,"href":"https:\/\/casas.globalwd.com\/es\/wp-json\/wp\/v2\/users\/1"}],"replies":[{"embeddable":true,"href":"https:\/\/casas.globalwd.com\/es\/wp-json\/wp\/v2\/comments?post=6822"}],"version-history":[{"count":0,"href":"https:\/\/casas.globalwd.com\/es\/wp-json\/wp\/v2\/pages\/6822\/revisions"}],"wp:attachment":[{"href":"https:\/\/casas.globalwd.com\/es\/wp-json\/wp\/v2\/media?parent=6822"}],"curies":[{"name":"wp","href":"https:\/\/api.w.org\/{rel}","templated":true}]}}