{"id":5710,"date":"2023-05-23T14:32:56","date_gmt":"2023-05-23T17:32:56","guid":{"rendered":"https:\/\/www.casastemporadaorlando.com\/?page_id=5710"},"modified":"2024-02-01T16:32:28","modified_gmt":"2024-02-01T19:32:28","slug":"gerenciamento-de-propriedades","status":"publish","type":"page","link":"https:\/\/casas.globalwd.com\/es\/propiedad-administrativa\/","title":{"rendered":"Propiedad administrativa"},"content":{"rendered":"<div data-elementor-type=\"wp-page\" data-elementor-id=\"5710\" class=\"elementor elementor-5710\" data-elementor-post-type=\"page\">\n\t\t\t\t\t\t<section class=\"elementor-section elementor-top-section elementor-element elementor-element-15febc6f elementor-section-boxed elementor-section-height-default elementor-section-height-default\" data-id=\"15febc6f\" data-element_type=\"section\">\n\t\t\t\t\t\t<div class=\"elementor-container elementor-column-gap-default\">\n\t\t\t\t\t<div class=\"elementor-column elementor-col-100 elementor-top-column elementor-element elementor-element-5d910a02\" data-id=\"5d910a02\" data-element_type=\"column\">\n\t\t\t<div class=\"elementor-widget-wrap elementor-element-populated\">\n\t\t\t\t\t\t<div class=\"elementor-element elementor-element-416e4ff0 elementor-widget elementor-widget-text-editor\" data-id=\"416e4ff0\" data-element_type=\"widget\" data-widget_type=\"text-editor.default\">\n\t\t\t\t<div class=\"elementor-widget-container\">\n\t\t\t<style>\/*! elementor - v3.23.0 - 05-08-2024 *\/\n.elementor-widget-text-editor.elementor-drop-cap-view-stacked .elementor-drop-cap{background-color:#69727d;color:#fff}.elementor-widget-text-editor.elementor-drop-cap-view-framed .elementor-drop-cap{color:#69727d;border:3px solid;background-color:transparent}.elementor-widget-text-editor:not(.elementor-drop-cap-view-default) .elementor-drop-cap{margin-top:8px}.elementor-widget-text-editor:not(.elementor-drop-cap-view-default) .elementor-drop-cap-letter{width:1em;height:1em}.elementor-widget-text-editor .elementor-drop-cap{float:left;text-align:center;line-height:1;font-size:50px}.elementor-widget-text-editor .elementor-drop-cap-letter{display:inline-block}<\/style>\t\t\t\t<p><strong>Central Florida Rentals &amp; Management Inc. bajo el nombre comercial CFRM Villas (Global Homes)<\/strong>\u00a0es una empresa de servicio completo de administraci\u00f3n de propiedades y alquiler a corto plazo que trabaja en el \u00e1rea de Four Corners en el centro de Florida desde 2005. Brindamos servicios de administraci\u00f3n concienzudos y profesionales al propietario ausente. Nuestro personal bien capacitado y comprometido son sus ojos y o\u00eddos aqu\u00ed en Florida Central. Mientras usted contin\u00faa sus actividades en otra parte del mundo, nuestra empresa le ofrece la tranquilidad de cuidar su propiedad. Todos los miembros del equipo son residentes legales o ciudadanos estadounidenses, lo que significa que no iremos a ninguna parte.<\/p><p>Si invertir en una casa de vacaciones en el \u00e1rea metropolitana de Orlando es una decisi\u00f3n de vida importante; No menos importante es elegir una empresa de gesti\u00f3n de propiedades y alquiler a corto plazo profesional y concienzuda. A\u00a0<strong>CFRM Villas (Casas globales)<\/strong>\u00a0es una de estas empresas y me complace ofrecer nuestros servicios al comprador de casas de vacaciones. Mi esposa Lizzy, corredora de bienes ra\u00edces autorizada, y yo comenzamos este negocio en 2005 y actualmente ofrecemos a los clientes una experiencia de inversi\u00f3n completa bajo un mismo techo.<\/p><p>Impulsado por una convicci\u00f3n bien fundada de que comprar una casa de vacaciones en Florida Central es una excelente inversi\u00f3n, nuestro Departamento de Alquiler puede ofrecer con confianza un retorno de la inversi\u00f3n sin igual. El dinero est\u00e1 casi estancado en el banco y el mercado de valores es siempre una apuesta. Los ingresos por alquiler de CFRM para casas de vacaciones adecuadamente equipadas dicen mucho sobre nuestra confianza subyacente. \u00a1No dude en ponerse en contacto con un miembro de nuestro equipo hoy para una consulta gratuita!<\/p><p>Descubrir\u00e1 que ser un propietario ausente conlleva muchos desaf\u00edos y prometemos ocuparnos de ellos para que pueda estar seguro de su propiedad vacacional en Florida. Su casa de vacaciones debe ser una experiencia feliz y pr\u00f3spera. Prometemos nuestros mejores esfuerzos en su nombre.<\/p><p><strong>\u00a1Estaras contento de haberlo hecho!<\/strong><\/p><p><a href=\"https:\/\/proprietarios.casastemporadaorlando.com\/\" target=\"_blank\" rel=\"noopener\"><strong>\u00a1HAGA CLIC AQU\u00cd Y ACCEDA A NUESTRA P\u00c1GINA DETALLADA SOBRE GESTI\u00d3N DE PROPIEDADES DE TEMPORADA!<\/strong><\/a><\/p>\t\t\t\t\t\t<\/div>\n\t\t\t\t<\/div>\n\t\t\t\t\t<\/div>\n\t\t<\/div>\n\t\t\t\t\t<\/div>\n\t\t<\/section>\n\t\t\t\t<section class=\"elementor-section elementor-top-section elementor-element elementor-element-7ef452b elementor-section-boxed elementor-section-height-default elementor-section-height-default\" data-id=\"7ef452b\" data-element_type=\"section\">\n\t\t\t\t\t\t<div class=\"elementor-container elementor-column-gap-default\">\n\t\t\t\t\t<div class=\"elementor-column elementor-col-100 elementor-top-column elementor-element elementor-element-bb3d4b7\" data-id=\"bb3d4b7\" data-element_type=\"column\">\n\t\t\t<div class=\"elementor-widget-wrap elementor-element-populated\">\n\t\t\t\t\t\t<div class=\"elementor-element elementor-element-c67759e elementor-widget elementor-widget-spacer\" data-id=\"c67759e\" data-element_type=\"widget\" data-widget_type=\"spacer.default\">\n\t\t\t\t<div class=\"elementor-widget-container\">\n\t\t\t<style>\/*! elementor - v3.23.0 - 05-08-2024 *\/\n.elementor-column .elementor-spacer-inner{height:var(--spacer-size)}.e-con{--container-widget-width:100%}.e-con-inner>.elementor-widget-spacer,.e-con>.elementor-widget-spacer{width:var(--container-widget-width,var(--spacer-size));--align-self:var(--container-widget-align-self,initial);--flex-shrink:0}.e-con-inner>.elementor-widget-spacer>.elementor-widget-container,.e-con>.elementor-widget-spacer>.elementor-widget-container{height:100%;width:100%}.e-con-inner>.elementor-widget-spacer>.elementor-widget-container>.elementor-spacer,.e-con>.elementor-widget-spacer>.elementor-widget-container>.elementor-spacer{height:100%}.e-con-inner>.elementor-widget-spacer>.elementor-widget-container>.elementor-spacer>.elementor-spacer-inner,.e-con>.elementor-widget-spacer>.elementor-widget-container>.elementor-spacer>.elementor-spacer-inner{height:var(--container-widget-height,var(--spacer-size))}.e-con-inner>.elementor-widget-spacer.elementor-widget-empty,.e-con>.elementor-widget-spacer.elementor-widget-empty{position:relative;min-height:22px;min-width:22px}.e-con-inner>.elementor-widget-spacer.elementor-widget-empty .elementor-widget-empty-icon,.e-con>.elementor-widget-spacer.elementor-widget-empty .elementor-widget-empty-icon{position:absolute;top:0;bottom:0;left:0;right:0;margin:auto;padding:0;width:22px;height:22px}<\/style>\t\t<div class=\"elementor-spacer\">\n\t\t\t<div class=\"elementor-spacer-inner\"><\/div>\n\t\t<\/div>\n\t\t\t\t<\/div>\n\t\t\t\t<\/div>\n\t\t\t\t\t<\/div>\n\t\t<\/div>\n\t\t\t\t\t<\/div>\n\t\t<\/section>\n\t\t\t\t<\/div>","protected":false},"excerpt":{"rendered":"<p>Central Florida Rentals &amp; Management Inc. dba CFRM Villas (Global Homes)\u00a0\u00e9 uma empresa de gerenciamento de propriedades com servi\u00e7o completo e aluguel de curto prazo que trabalha na \u00e1rea de Four Corners da Fl\u00f3rida Central desde 2005. Oferecemos servi\u00e7os de gerenciamento conscienciosos e profissionais ao propriet\u00e1rio ausente. Nossa equipe bem treinada e comprometida \u00e9 seus&#8230;<\/p>","protected":false},"author":1,"featured_media":0,"parent":0,"menu_order":0,"comment_status":"closed","ping_status":"closed","template":"templates\/full-width.php","meta":{"footnotes":""},"class_list":["post-5710","page","type-page","status-publish","hentry"],"_links":{"self":[{"href":"https:\/\/casas.globalwd.com\/es\/wp-json\/wp\/v2\/pages\/5710","targetHints":{"allow":["GET"]}}],"collection":[{"href":"https:\/\/casas.globalwd.com\/es\/wp-json\/wp\/v2\/pages"}],"about":[{"href":"https:\/\/casas.globalwd.com\/es\/wp-json\/wp\/v2\/types\/page"}],"author":[{"embeddable":true,"href":"https:\/\/casas.globalwd.com\/es\/wp-json\/wp\/v2\/users\/1"}],"replies":[{"embeddable":true,"href":"https:\/\/casas.globalwd.com\/es\/wp-json\/wp\/v2\/comments?post=5710"}],"version-history":[{"count":3,"href":"https:\/\/casas.globalwd.com\/es\/wp-json\/wp\/v2\/pages\/5710\/revisions"}],"predecessor-version":[{"id":7144,"href":"https:\/\/casas.globalwd.com\/es\/wp-json\/wp\/v2\/pages\/5710\/revisions\/7144"}],"wp:attachment":[{"href":"https:\/\/casas.globalwd.com\/es\/wp-json\/wp\/v2\/media?parent=5710"}],"curies":[{"name":"wp","href":"https:\/\/api.w.org\/{rel}","templated":true}]}}