{"id":5708,"date":"2023-05-23T14:31:57","date_gmt":"2023-05-23T17:31:57","guid":{"rendered":"https:\/\/www.casastemporadaorlando.com\/?page_id=5708"},"modified":"2023-07-27T10:45:15","modified_gmt":"2023-07-27T13:45:15","slug":"investir-em-casa-orlando","status":"publish","type":"page","link":"https:\/\/casas.globalwd.com\/es\/invertir-en-casa-orlando\/","title":{"rendered":"\u00bfQuieres invertir?"},"content":{"rendered":"<div data-elementor-type=\"wp-page\" data-elementor-id=\"5708\" class=\"elementor elementor-5708\" data-elementor-post-type=\"page\">\n\t\t\t\t\t\t<section class=\"elementor-section elementor-top-section elementor-element elementor-element-1c7e19c9 elementor-section-boxed elementor-section-height-default elementor-section-height-default\" data-id=\"1c7e19c9\" data-element_type=\"section\">\n\t\t\t\t\t\t<div class=\"elementor-container elementor-column-gap-default\">\n\t\t\t\t\t<div class=\"elementor-column elementor-col-100 elementor-top-column elementor-element elementor-element-69ff64b4\" data-id=\"69ff64b4\" data-element_type=\"column\">\n\t\t\t<div class=\"elementor-widget-wrap elementor-element-populated\">\n\t\t\t\t\t\t<div class=\"elementor-element elementor-element-1bf9695b elementor-widget elementor-widget-text-editor\" data-id=\"1bf9695b\" data-element_type=\"widget\" data-widget_type=\"text-editor.default\">\n\t\t\t\t<div class=\"elementor-widget-container\">\n\t\t\t<style>\/*! elementor - v3.23.0 - 05-08-2024 *\/\n.elementor-widget-text-editor.elementor-drop-cap-view-stacked .elementor-drop-cap{background-color:#69727d;color:#fff}.elementor-widget-text-editor.elementor-drop-cap-view-framed .elementor-drop-cap{color:#69727d;border:3px solid;background-color:transparent}.elementor-widget-text-editor:not(.elementor-drop-cap-view-default) .elementor-drop-cap{margin-top:8px}.elementor-widget-text-editor:not(.elementor-drop-cap-view-default) .elementor-drop-cap-letter{width:1em;height:1em}.elementor-widget-text-editor .elementor-drop-cap{float:left;text-align:center;line-height:1;font-size:50px}.elementor-widget-text-editor .elementor-drop-cap-letter{display:inline-block}<\/style>\t\t\t\t<p><strong>\u00bfQUE ES NECESARIO?<\/strong><\/p><p>El \u00fanico documento necesario para comprar una casa en Florida es su pasaporte brasile\u00f1o y su visa americana.<\/p><p><strong>\u00bfUN BRASILE\u00d1O PUEDE FINANCIAR UNA PROPIEDAD EN LA FLORIDA?<\/strong><\/p><p>S\u00ed. S\u00f3lo necesitas tener una relaci\u00f3n laboral de 2 a\u00f1os (puedes ser empleado, empresario o profesional aut\u00f3nomo), una declaraci\u00f3n de Renta actualizada y unos ingresos mensuales de 3 veces el valor de la cuota. Los bancos financian entre 50% y 75% del valor de la propiedad, con intereses de 5-6% por a\u00f1o, por un per\u00edodo de hasta 30 a\u00f1os.<\/p><p><strong>\u00bfHAY ALGUNA RESTRICCI\u00d3N DE EDAD PARA OBTENER FINANCIACI\u00d3N INMOBILIARIA?<\/strong><\/p><p>No. Cualquier persona que cumpla con los requisitos econ\u00f3micos puede solicitar financiamiento inmobiliario.<\/p><p><strong>\u00bfCU\u00c1NTO VOLVER\u00c1 MI INVERSI\u00d3N EN PROPIEDAD?<\/strong><\/p><p>Hay dos formas de ingresos: \u2013 Valorizaci\u00f3n de la propiedad: Entre 2012 y 2014, las propiedades se revalorizaron en alrededor de 8,51 TP3T por a\u00f1o. \u2013 Ingresos por alquiler: Entre 4% y 6% al a\u00f1o, despu\u00e9s de deducir todos los gastos.<\/p><p><strong>\u00bfPUEDO UTILIZAR MI CASA CUANDO QUIERA?<\/strong><\/p><p>S\u00ed, si lo programas con mucha antelaci\u00f3n. Lo que no puedes hacer es decidir utilizarlo en el \u00faltimo momento y solicitar un incumplimiento de contrato con un hu\u00e9sped ya confirmado.<\/p><p><strong><a href=\"\/contato\/\">Ponerse en contacto<\/a><\/strong>\u00a0cont\u00e1ctenos para m\u00e1s informaci\u00f3n.<\/p>\t\t\t\t\t\t<\/div>\n\t\t\t\t<\/div>\n\t\t\t\t\t<\/div>\n\t\t<\/div>\n\t\t\t\t\t<\/div>\n\t\t<\/section>\n\t\t\t\t<\/div>","protected":false},"excerpt":{"rendered":"<p>O QUE \u00c9 NECESS\u00c1RIO? O \u00fanico documento necess\u00e1rio para voc\u00ea comprar uma casa na Fl\u00f3rida \u00e9 o seu Passaporte Brasileiro e Visto Americano. BRASILEIRO PODE FINANCIAR UM IM\u00d3VEL NA FL\u00d3RIDA? Sim. Basta ter 2 anos de v\u00ednculo de trabalho (pode ser empregado, empres\u00e1rio ou profissional aut\u00f4nomo), declara\u00e7\u00e3o de Imposto de Renda atualizada e renda mensal&#8230;<\/p>","protected":false},"author":1,"featured_media":0,"parent":0,"menu_order":0,"comment_status":"closed","ping_status":"closed","template":"templates\/full-width.php","meta":{"footnotes":""},"class_list":["post-5708","page","type-page","status-publish","hentry"],"_links":{"self":[{"href":"https:\/\/casas.globalwd.com\/es\/wp-json\/wp\/v2\/pages\/5708","targetHints":{"allow":["GET"]}}],"collection":[{"href":"https:\/\/casas.globalwd.com\/es\/wp-json\/wp\/v2\/pages"}],"about":[{"href":"https:\/\/casas.globalwd.com\/es\/wp-json\/wp\/v2\/types\/page"}],"author":[{"embeddable":true,"href":"https:\/\/casas.globalwd.com\/es\/wp-json\/wp\/v2\/users\/1"}],"replies":[{"embeddable":true,"href":"https:\/\/casas.globalwd.com\/es\/wp-json\/wp\/v2\/comments?post=5708"}],"version-history":[{"count":0,"href":"https:\/\/casas.globalwd.com\/es\/wp-json\/wp\/v2\/pages\/5708\/revisions"}],"wp:attachment":[{"href":"https:\/\/casas.globalwd.com\/es\/wp-json\/wp\/v2\/media?parent=5708"}],"curies":[{"name":"wp","href":"https:\/\/api.w.org\/{rel}","templated":true}]}}