{"id":5706,"date":"2023-05-23T14:30:56","date_gmt":"2023-05-23T17:30:56","guid":{"rendered":"https:\/\/www.casastemporadaorlando.com\/?page_id=5706"},"modified":"2023-07-27T10:39:00","modified_gmt":"2023-07-27T13:39:00","slug":"politica-de-pagamentos","status":"publish","type":"page","link":"https:\/\/casas.globalwd.com\/es\/politica-de-pago\/","title":{"rendered":"Pol\u00edtica de pago"},"content":{"rendered":"<div data-elementor-type=\"wp-page\" data-elementor-id=\"5706\" class=\"elementor elementor-5706\" data-elementor-post-type=\"page\">\n\t\t\t\t\t\t<section class=\"elementor-section elementor-top-section elementor-element elementor-element-6bee17e5 elementor-section-boxed elementor-section-height-default elementor-section-height-default\" data-id=\"6bee17e5\" data-element_type=\"section\">\n\t\t\t\t\t\t<div class=\"elementor-container elementor-column-gap-default\">\n\t\t\t\t\t<div class=\"elementor-column elementor-col-100 elementor-top-column elementor-element elementor-element-358d9e21\" data-id=\"358d9e21\" data-element_type=\"column\">\n\t\t\t<div class=\"elementor-widget-wrap elementor-element-populated\">\n\t\t\t\t\t\t<div class=\"elementor-element elementor-element-2b5d0fc9 elementor-widget elementor-widget-text-editor\" data-id=\"2b5d0fc9\" data-element_type=\"widget\" data-widget_type=\"text-editor.default\">\n\t\t\t\t<div class=\"elementor-widget-container\">\n\t\t\t<style>\/*! elementor - v3.23.0 - 05-08-2024 *\/\n.elementor-widget-text-editor.elementor-drop-cap-view-stacked .elementor-drop-cap{background-color:#69727d;color:#fff}.elementor-widget-text-editor.elementor-drop-cap-view-framed .elementor-drop-cap{color:#69727d;border:3px solid;background-color:transparent}.elementor-widget-text-editor:not(.elementor-drop-cap-view-default) .elementor-drop-cap{margin-top:8px}.elementor-widget-text-editor:not(.elementor-drop-cap-view-default) .elementor-drop-cap-letter{width:1em;height:1em}.elementor-widget-text-editor .elementor-drop-cap{float:left;text-align:center;line-height:1;font-size:50px}.elementor-widget-text-editor .elementor-drop-cap-letter{display:inline-block}<\/style>\t\t\t\t<div class=\"article__body\"><p><strong>Formas de pago<\/strong><\/p><p>El pago se puede realizar mediante tarjeta de cr\u00e9dito (PayPal\/Mercado Pago), comprobante bancario y PIX.<\/p><p><strong>Comprobante bancario o PIX:<\/strong><\/p><p>Puede optar por pagar mediante comprobante bancario o PIX. Sin embargo, deber\u00e1 pagar el importe total de su reserva antes de su viaje, sin excepciones. Desde el momento en que se emite la factura, tendr\u00e1s hasta 5 d\u00edas naturales para realizar el pago. La factura debe imprimirse el mismo d\u00eda del pedido.<br \/>Importante: El plazo de identificaci\u00f3n de pagos mediante comprobante bancario toma en promedio 2 d\u00edas h\u00e1biles, ya que puede variar dependiendo de la devoluci\u00f3n del banco con la validaci\u00f3n\/compensaci\u00f3n del pago del comprobante bancario.<\/p><p><strong>Tarjeta de Cr\u00e9dito (PayPal\/Mercado Pago):<\/strong><\/p><p>Aceptamos pagos v\u00eda tarjeta de cr\u00e9dito \u00fanicamente a trav\u00e9s de PayPal o Mercado Pago (<strong><a href=\"https:\/\/www.mercadopago.com.br\" target=\"_blank\" rel=\"noopener\">https:\/\/www.mercadopago.com.br<\/a><\/strong>), PayPal es una empresa l\u00edder en pagos\/recibos a nivel mundial. Para obtener m\u00e1s informaci\u00f3n, visite <a href=\"https:\/\/www.paypal.com\/br\/webapps\/mpp\/paypal-safety-and-security\" target=\"_blank\" rel=\"noopener\"><strong>https:\/\/www.paypal.com<\/strong><\/a>.<\/p><p><strong>Tarjeta de cr\u00e9dito en cuotas:<\/strong><\/p><p>Los gastos de reserva se pueden pagar en hasta 6 cuotas sin intereses mediante tarjeta de cr\u00e9dito o, en el caso de pago mediante comprobante bancario o PIX, se debe pagar el importe total de su reserva antes de su viaje, sin excepciones.<\/p><p><strong>Dep\u00f3sito de seguridad:<\/strong><\/p><p>La fianza es una pr\u00e1ctica com\u00fan en todos los contratos de alquiler. Aunque no lo veas, tambi\u00e9n es una pr\u00e1ctica com\u00fan en los hoteles, cuando el recepcionista bloquea tu tarjeta de cr\u00e9dito. Esta medida se adopta para garantizar que cualquier da\u00f1o pueda ser compensado autom\u00e1ticamente. Luego de abandonar la propiedad, el administrador realizar\u00e1 una inspecci\u00f3n completa y dir\u00e1 si encontr\u00f3 alguna inconsistencia. De confirmarse, las fotos ser\u00e1n enviadas al cliente con el cargo respectivo. No te preocupes, peque\u00f1os desperfectos como cristales rotos no se cobran. Todo se hace con total transparencia.<\/p><p><strong>Pago de Reserva:<\/strong><\/p><p>La reserva se realiza inmediatamente despu\u00e9s de pagar la tarifa de reserva (a partir de US$ 175), mediante tarjeta de cr\u00e9dito o comprobante bancario) y firmar el contrato. Recibir\u00e1s entonces la confirmaci\u00f3n de tu reserva, y el resto del pago podr\u00e1s realizarlo 8 semanas antes del viaje o hasta en 6 cuotas mediante tarjeta de cr\u00e9dito (PayPal). Una vez que hayas liquidado \u00edntegramente el importe acordado, recibir\u00e1s el bono con la informaci\u00f3n de la casa alquilada.<\/p><\/div>\t\t\t\t\t\t<\/div>\n\t\t\t\t<\/div>\n\t\t\t\t\t<\/div>\n\t\t<\/div>\n\t\t\t\t\t<\/div>\n\t\t<\/section>\n\t\t\t\t<\/div>","protected":false},"excerpt":{"rendered":"<p>Formas de Pagamento O pagamento pode ser efetuado atrav\u00e9s de cart\u00e3o de cr\u00e9dito (PayPal\/Mercado Pago), boleto banc\u00e1rio e PIX. Boleto Banc\u00e1rio ou PIX: Voc\u00ea poder\u00e1 optar pela op\u00e7\u00e3o de pagamento por boleto banc\u00e1rio ou PIX. Por\u00e9m, todo o valor de sua reserva dever\u00e1 ser quitada antes de sua viagem, sem exce\u00e7\u00f5es. A partir do momento&#8230;<\/p>","protected":false},"author":1,"featured_media":0,"parent":0,"menu_order":0,"comment_status":"closed","ping_status":"closed","template":"templates\/full-width.php","meta":{"footnotes":""},"class_list":["post-5706","page","type-page","status-publish","hentry"],"_links":{"self":[{"href":"https:\/\/casas.globalwd.com\/es\/wp-json\/wp\/v2\/pages\/5706","targetHints":{"allow":["GET"]}}],"collection":[{"href":"https:\/\/casas.globalwd.com\/es\/wp-json\/wp\/v2\/pages"}],"about":[{"href":"https:\/\/casas.globalwd.com\/es\/wp-json\/wp\/v2\/types\/page"}],"author":[{"embeddable":true,"href":"https:\/\/casas.globalwd.com\/es\/wp-json\/wp\/v2\/users\/1"}],"replies":[{"embeddable":true,"href":"https:\/\/casas.globalwd.com\/es\/wp-json\/wp\/v2\/comments?post=5706"}],"version-history":[{"count":0,"href":"https:\/\/casas.globalwd.com\/es\/wp-json\/wp\/v2\/pages\/5706\/revisions"}],"wp:attachment":[{"href":"https:\/\/casas.globalwd.com\/es\/wp-json\/wp\/v2\/media?parent=5706"}],"curies":[{"name":"wp","href":"https:\/\/api.w.org\/{rel}","templated":true}]}}