{"id":5704,"date":"2023-05-23T14:30:13","date_gmt":"2023-05-23T17:30:13","guid":{"rendered":"https:\/\/www.casastemporadaorlando.com\/?page_id=5704"},"modified":"2023-07-27T10:30:30","modified_gmt":"2023-07-27T13:30:30","slug":"seguranca","status":"publish","type":"page","link":"https:\/\/casas.globalwd.com\/es\/seguridad\/","title":{"rendered":"Seguridad"},"content":{"rendered":"<div data-elementor-type=\"wp-page\" data-elementor-id=\"5704\" class=\"elementor elementor-5704\" data-elementor-post-type=\"page\">\n\t\t\t\t\t\t<section class=\"elementor-section elementor-top-section elementor-element elementor-element-220abced elementor-section-boxed elementor-section-height-default elementor-section-height-default\" data-id=\"220abced\" data-element_type=\"section\">\n\t\t\t\t\t\t<div class=\"elementor-container elementor-column-gap-default\">\n\t\t\t\t\t<div class=\"elementor-column elementor-col-100 elementor-top-column elementor-element elementor-element-78aee5f2\" data-id=\"78aee5f2\" data-element_type=\"column\">\n\t\t\t<div class=\"elementor-widget-wrap elementor-element-populated\">\n\t\t\t\t\t\t<div class=\"elementor-element elementor-element-3b1205a9 elementor-widget elementor-widget-text-editor\" data-id=\"3b1205a9\" data-element_type=\"widget\" data-widget_type=\"text-editor.default\">\n\t\t\t\t<div class=\"elementor-widget-container\">\n\t\t\t<style>\/*! elementor - v3.23.0 - 05-08-2024 *\/\n.elementor-widget-text-editor.elementor-drop-cap-view-stacked .elementor-drop-cap{background-color:#69727d;color:#fff}.elementor-widget-text-editor.elementor-drop-cap-view-framed .elementor-drop-cap{color:#69727d;border:3px solid;background-color:transparent}.elementor-widget-text-editor:not(.elementor-drop-cap-view-default) .elementor-drop-cap{margin-top:8px}.elementor-widget-text-editor:not(.elementor-drop-cap-view-default) .elementor-drop-cap-letter{width:1em;height:1em}.elementor-widget-text-editor .elementor-drop-cap{float:left;text-align:center;line-height:1;font-size:50px}.elementor-widget-text-editor .elementor-drop-cap-letter{display:inline-block}<\/style>\t\t\t\t<p>A\u00a0<strong>Hogares globales<\/strong>\u00a0tiene un compromiso especial con usted, nuestro cliente, respecto a la seguridad y privacidad de sus datos. El respeto por los clientes y la confidencialidad de su informaci\u00f3n es muy importante para nosotros.<\/p><p>Por lo tanto, usted, cliente de\u00a0<strong>Hogares globales<\/strong>, tiene la garant\u00eda de que todas las transacciones a trav\u00e9s de nuestra empresa son extremadamente seguras.<\/p><p><strong>Transacciones con tarjeta de cr\u00e9dito:\u00a0<\/strong><\/p><p>Para su seguridad, los datos proporcionados a trav\u00e9s de transacciones con tarjeta de cr\u00e9dito no se almacenan en nuestro sitio web. Siempre utilizamos un intermediario que garantiza la transacci\u00f3n, en nuestro caso PayPal o Mercado Pago.<\/p><p><strong>Usando seguridad SSL:<\/strong><\/p><p>A\u00a0<strong>Hogares globales\u00a0<\/strong>pone la seguridad de tu informaci\u00f3n por encima de todo, por esta raz\u00f3n utilizamos las tecnolog\u00edas m\u00e1s confiables para garantizar que tu compra sea m\u00e1s segura. Consulte los recursos que utilizamos a continuaci\u00f3n:<\/p><p><strong>Certificado SSL blindado<\/strong>\u00a0\u2013 Con este certificado tus datos est\u00e1n encriptados, es decir, despu\u00e9s de enviar tus datos se transformar\u00e1n en c\u00f3digo mientras viaja a nuestro servidor y solo vuelven a ser datos cuando est\u00e1n en nuestro poder. Esto imposibilita que terceros accedan a datos como el CPF y\/o sus datos de pago.<br \/>Cuando ve el c\u00f3digo HTTPS en la direcci\u00f3n en lugar de HTTP en su navegador, es un indicador de que el sitio tiene cifrado SSL y, por lo tanto, puede estar seguro de depositar su informaci\u00f3n de forma segura.<\/p><p><strong>Uso de la informaci\u00f3n:<\/strong><\/p><p>A.G.<strong>casaslobal<\/strong>\u00a0se compromete a no revelar nunca los datos de registro de sus clientes.<br \/>Los newsletters s\u00f3lo se env\u00edan a las personas que los solicitan y que pueden cancelar en cualquier momento.<\/p><p><strong>Preguntas y sugerencias:<\/strong><br \/>Si tiene alguna pregunta o sugerencia sobre seguridad y privacidad o cualquier otro aspecto de nuestro proceso de compra, no dude en contactarnos.<\/p>\t\t\t\t\t\t<\/div>\n\t\t\t\t<\/div>\n\t\t\t\t\t<\/div>\n\t\t<\/div>\n\t\t\t\t\t<\/div>\n\t\t<\/section>\n\t\t\t\t<\/div>","protected":false},"excerpt":{"rendered":"<p>A\u00a0Global Homes\u00a0tem um especial compromisso com voc\u00ea, nosso cliente, quanto \u00e0 seguran\u00e7a e privacidade de seus dados. O respeito ao cliente e o sigilo de suas informa\u00e7\u00f5es \u00e9 muito importante para n\u00f3s. Por isso, voc\u00ea, cliente da\u00a0Global Homes, tem a garantia que todas as transa\u00e7\u00f5es atrav\u00e9s de nossa empresa s\u00e3o extremamente seguras. Transa\u00e7\u00f5es com Cart\u00e3o&#8230;<\/p>","protected":false},"author":1,"featured_media":0,"parent":0,"menu_order":0,"comment_status":"closed","ping_status":"closed","template":"templates\/full-width.php","meta":{"footnotes":""},"class_list":["post-5704","page","type-page","status-publish","hentry"],"_links":{"self":[{"href":"https:\/\/casas.globalwd.com\/es\/wp-json\/wp\/v2\/pages\/5704","targetHints":{"allow":["GET"]}}],"collection":[{"href":"https:\/\/casas.globalwd.com\/es\/wp-json\/wp\/v2\/pages"}],"about":[{"href":"https:\/\/casas.globalwd.com\/es\/wp-json\/wp\/v2\/types\/page"}],"author":[{"embeddable":true,"href":"https:\/\/casas.globalwd.com\/es\/wp-json\/wp\/v2\/users\/1"}],"replies":[{"embeddable":true,"href":"https:\/\/casas.globalwd.com\/es\/wp-json\/wp\/v2\/comments?post=5704"}],"version-history":[{"count":0,"href":"https:\/\/casas.globalwd.com\/es\/wp-json\/wp\/v2\/pages\/5704\/revisions"}],"wp:attachment":[{"href":"https:\/\/casas.globalwd.com\/es\/wp-json\/wp\/v2\/media?parent=5704"}],"curies":[{"name":"wp","href":"https:\/\/api.w.org\/{rel}","templated":true}]}}