{"id":5699,"date":"2023-05-23T14:24:21","date_gmt":"2023-05-23T17:24:21","guid":{"rendered":"https:\/\/www.casastemporadaorlando.com\/?page_id=5699"},"modified":"2023-07-27T10:27:04","modified_gmt":"2023-07-27T13:27:04","slug":"conheca-a-global-homes","status":"publish","type":"page","link":"https:\/\/casas.globalwd.com\/es\/conozca-hogares-globales\/","title":{"rendered":"Descubra casas globales"},"content":{"rendered":"<div data-elementor-type=\"wp-page\" data-elementor-id=\"5699\" class=\"elementor elementor-5699\" data-elementor-post-type=\"page\">\n\t\t\t\t\t\t<section class=\"elementor-section elementor-top-section elementor-element elementor-element-43d5d49 elementor-section-boxed elementor-section-height-default elementor-section-height-default\" data-id=\"43d5d49\" data-element_type=\"section\">\n\t\t\t\t\t\t<div class=\"elementor-container elementor-column-gap-default\">\n\t\t\t\t\t<div class=\"elementor-column elementor-col-100 elementor-top-column elementor-element elementor-element-3a294694\" data-id=\"3a294694\" data-element_type=\"column\">\n\t\t\t<div class=\"elementor-widget-wrap elementor-element-populated\">\n\t\t\t\t\t\t<div class=\"elementor-element elementor-element-22eb70dc elementor-widget elementor-widget-text-editor\" data-id=\"22eb70dc\" data-element_type=\"widget\" data-widget_type=\"text-editor.default\">\n\t\t\t\t<div class=\"elementor-widget-container\">\n\t\t\t<style>\/*! elementor - v3.23.0 - 05-08-2024 *\/\n.elementor-widget-text-editor.elementor-drop-cap-view-stacked .elementor-drop-cap{background-color:#69727d;color:#fff}.elementor-widget-text-editor.elementor-drop-cap-view-framed .elementor-drop-cap{color:#69727d;border:3px solid;background-color:transparent}.elementor-widget-text-editor:not(.elementor-drop-cap-view-default) .elementor-drop-cap{margin-top:8px}.elementor-widget-text-editor:not(.elementor-drop-cap-view-default) .elementor-drop-cap-letter{width:1em;height:1em}.elementor-widget-text-editor .elementor-drop-cap{float:left;text-align:center;line-height:1;font-size:50px}.elementor-widget-text-editor .elementor-drop-cap-letter{display:inline-block}<\/style>\t\t\t\t<p>A <strong>Global Homes \u2013 Alquiler y Gesti\u00f3n de Casas Vacacionales en Orlando<\/strong> es una empresa autorizada en Florida que se especializa en el mercado de compra y venta de casas vacacionales en Orlando y la regi\u00f3n desde 2005.<\/p><p>Nuestra empresa es conocida por su excelente servicio a todos nuestros clientes, hu\u00e9spedes y propietarios en todo el mundo.<\/p><p>Nuestro Departamento de Reservas vende nuestras casas vacacionales directamente al p\u00fablico viajero, lo que garantiza las mejores tarifas que el mercado permite en cada momento sin intermediarios.<\/p><p><strong>Casas en Alquiler en Orlando<\/strong> o mejor <strong>Alquiler de vacaciones en la regi\u00f3n de Orlando<\/strong>, ya que las ubicaciones est\u00e1n en Davenport, Kissimmee, Clermont, etc., ya que no hay alquileres de temporada disponibles en la ciudad de Orlando, ya que est\u00e1 prohibido por ley.<\/p><p>Estas ciudades est\u00e1n cerca de Orlando y muy cerca de Walt Disney World, aproximadamente de 5 a 19 minutos, dependiendo del Condominio.<\/p><p>A <strong>Hogares globales<\/strong> Actualmente es la mejor opci\u00f3n para que tengas total seguridad en tu alquiler y tengas un viaje de ensue\u00f1o.<\/p><p>Compre o alquile su casa en Orlando con <strong>hogares globales, <a href=\"\/investir-em-casa-orlando\/\">Haga clic aqu\u00ed<\/a><\/strong> y descubre m\u00e1s.<\/p><p>Si ya posee una propiedad en Orlando y la regi\u00f3n <strong><a href=\"https:\/\/proprietarios.casastemporadaorlando.com\/\" target=\"_blank\" rel=\"noopener\">visita nuestra pagina<\/a> <\/strong>exclusivo y descubre lo que podemos ofrecerte!<\/p><p>Haz realidad tu sue\u00f1o con nosotros, compra, vende o alquila tu casa en Orlando, <a href=\"\/contato\/\"><strong>hable con nosotros<\/strong><\/a>.<\/p><p><strong>\u00a1Cuenta siempre con nosotros!<\/strong><\/p>\t\t\t\t\t\t<\/div>\n\t\t\t\t<\/div>\n\t\t\t\t\t<\/div>\n\t\t<\/div>\n\t\t\t\t\t<\/div>\n\t\t<\/section>\n\t\t\t\t<\/div>","protected":false},"excerpt":{"rendered":"<p>A Global Homes \u2013 Loca\u00e7\u00e3o e Gerenciamento de Casas para Temporada em Orlando \u00e9 uma empresa licenciada da Fl\u00f3rida, especializada no Mercado de Compra e Venda de Casas de Temporada em Orlando e regi\u00e3o desde 2005. Nossa empresa \u00e9 conhecida pele excel\u00eancia de atendimentoa todos os nossos clientes, h\u00f3spedes e propriet\u00e1rios\u00a0 a n\u00edvel mundial O&#8230;<\/p>","protected":false},"author":1,"featured_media":0,"parent":0,"menu_order":0,"comment_status":"closed","ping_status":"closed","template":"templates\/full-width.php","meta":{"footnotes":""},"class_list":["post-5699","page","type-page","status-publish","hentry"],"_links":{"self":[{"href":"https:\/\/casas.globalwd.com\/es\/wp-json\/wp\/v2\/pages\/5699","targetHints":{"allow":["GET"]}}],"collection":[{"href":"https:\/\/casas.globalwd.com\/es\/wp-json\/wp\/v2\/pages"}],"about":[{"href":"https:\/\/casas.globalwd.com\/es\/wp-json\/wp\/v2\/types\/page"}],"author":[{"embeddable":true,"href":"https:\/\/casas.globalwd.com\/es\/wp-json\/wp\/v2\/users\/1"}],"replies":[{"embeddable":true,"href":"https:\/\/casas.globalwd.com\/es\/wp-json\/wp\/v2\/comments?post=5699"}],"version-history":[{"count":0,"href":"https:\/\/casas.globalwd.com\/es\/wp-json\/wp\/v2\/pages\/5699\/revisions"}],"wp:attachment":[{"href":"https:\/\/casas.globalwd.com\/es\/wp-json\/wp\/v2\/media?parent=5699"}],"curies":[{"name":"wp","href":"https:\/\/api.w.org\/{rel}","templated":true}]}}