{"id":6822,"date":"2023-06-05T16:47:08","date_gmt":"2023-06-05T19:47:08","guid":{"rendered":"https:\/\/www.casastemporadaorlando.com\/?page_id=6822"},"modified":"2023-07-27T10:53:17","modified_gmt":"2023-07-27T13:53:17","slug":"vantagens-de-alugar-casa-de-temporada-em-orlando","status":"publish","type":"page","link":"https:\/\/casas.globalwd.com\/en\/advantages-of-renting-a-vacation-home-in-orlando\/","title":{"rendered":"Advantages of Renting a Vacation Home in Orlando"},"content":{"rendered":"<div data-elementor-type=\"wp-page\" data-elementor-id=\"6822\" class=\"elementor elementor-6822\" data-elementor-post-type=\"page\">\n\t\t\t\t\t\t<section class=\"elementor-section elementor-top-section elementor-element elementor-element-18ecb56f elementor-section-boxed elementor-section-height-default elementor-section-height-default\" data-id=\"18ecb56f\" data-element_type=\"section\">\n\t\t\t\t\t\t<div class=\"elementor-container elementor-column-gap-default\">\n\t\t\t\t\t<div class=\"elementor-column elementor-col-100 elementor-top-column elementor-element elementor-element-7f3f3f8\" data-id=\"7f3f3f8\" data-element_type=\"column\">\n\t\t\t<div class=\"elementor-widget-wrap elementor-element-populated\">\n\t\t\t\t\t\t<div class=\"elementor-element elementor-element-55695c92 elementor-widget elementor-widget-text-editor\" data-id=\"55695c92\" data-element_type=\"widget\" data-widget_type=\"text-editor.default\">\n\t\t\t\t<div class=\"elementor-widget-container\">\n\t\t\t<style>\/*! elementor - v3.23.0 - 05-08-2024 *\/\n.elementor-widget-text-editor.elementor-drop-cap-view-stacked .elementor-drop-cap{background-color:#69727d;color:#fff}.elementor-widget-text-editor.elementor-drop-cap-view-framed .elementor-drop-cap{color:#69727d;border:3px solid;background-color:transparent}.elementor-widget-text-editor:not(.elementor-drop-cap-view-default) .elementor-drop-cap{margin-top:8px}.elementor-widget-text-editor:not(.elementor-drop-cap-view-default) .elementor-drop-cap-letter{width:1em;height:1em}.elementor-widget-text-editor .elementor-drop-cap{float:left;text-align:center;line-height:1;font-size:50px}.elementor-widget-text-editor .elementor-drop-cap-letter{display:inline-block}<\/style>\t\t\t\t<p>If you have decided that your family&#039;s next destination will be <strong>Disney<\/strong> and you want to start planning your trip, now is the time to choose whether you are going to stay in a hotel or in a <strong>vacation home in Orlando<\/strong>. After all, which option is the most advantageous? More economical? More confortable? Below, we list the main <strong>Advantages of renting property in Orlando<\/strong>, including: comfort, economy and privacy. Check out our tips and book your trip now!<\/p><p style=\"text-align: center;\"><strong>1) Possibility to cook at home<\/strong><\/p><p><img fetchpriority=\"high\" decoding=\"async\" class=\"alignnone wp-image-6823 size-large aligncenter\" src=\"https:\/\/www.casastemporadaorlando.com\/wp-content\/uploads\/2023\/06\/casas-temporada-cozinha-1024x595.jpg\" alt=\"\" width=\"828\" height=\"481\" srcset=\"https:\/\/casas.globalwd.com\/wp-content\/uploads\/2023\/06\/casas-temporada-cozinha-1024x595.jpg 1024w, https:\/\/casas.globalwd.com\/wp-content\/uploads\/2023\/06\/casas-temporada-cozinha-300x174.jpg 300w, https:\/\/casas.globalwd.com\/wp-content\/uploads\/2023\/06\/casas-temporada-cozinha-768x446.jpg 768w, https:\/\/casas.globalwd.com\/wp-content\/uploads\/2023\/06\/casas-temporada-cozinha-150x87.jpg 150w, https:\/\/casas.globalwd.com\/wp-content\/uploads\/2023\/06\/casas-temporada-cozinha-600x348.jpg 600w, https:\/\/casas.globalwd.com\/wp-content\/uploads\/2023\/06\/casas-temporada-cozinha.jpg 1240w\" sizes=\"(max-width: 828px) 100vw, 828px\" \/><br \/>One of the biggest advantages of <strong>rent vacation property at Disney<\/strong> It&#039;s the possibility of having a kitchen available 24 hours a day, to prepare your favorite dishes and snacks to take on your outings. As a large part of your vacation budget will be spent on food, this small practice of going to the supermarket instead of eating out all the time will help you save a lot on your trip to Disney.<\/p><p>Preparing meals at home can also be a way to stay healthy and avoid fast food. It is worth mentioning that all houses for rent in Orlando have fully equipped kitchens, with stove, oven, refrigerator, microwave, dishwasher, among other household utensils.<\/p><p style=\"text-align: center;\"><strong>2) Savings on the price of group accommodation<\/strong><\/p><p><img decoding=\"async\" class=\"wp-image-6827 size-large aligncenter\" src=\"https:\/\/www.casastemporadaorlando.com\/wp-content\/uploads\/2023\/06\/casas-temporada-orlando-sala-1024x595.jpg\" alt=\"\" width=\"828\" height=\"481\" srcset=\"https:\/\/casas.globalwd.com\/wp-content\/uploads\/2023\/06\/casas-temporada-orlando-sala-1024x595.jpg 1024w, https:\/\/casas.globalwd.com\/wp-content\/uploads\/2023\/06\/casas-temporada-orlando-sala-300x174.jpg 300w, https:\/\/casas.globalwd.com\/wp-content\/uploads\/2023\/06\/casas-temporada-orlando-sala-768x446.jpg 768w, https:\/\/casas.globalwd.com\/wp-content\/uploads\/2023\/06\/casas-temporada-orlando-sala-150x87.jpg 150w, https:\/\/casas.globalwd.com\/wp-content\/uploads\/2023\/06\/casas-temporada-orlando-sala-600x348.jpg 600w, https:\/\/casas.globalwd.com\/wp-content\/uploads\/2023\/06\/casas-temporada-orlando-sala.jpg 1240w\" sizes=\"(max-width: 828px) 100vw, 828px\" \/><br \/>Imagine the scenario: If the idea is to travel with a group of 10 people and you choose a house with a daily rate starting at US$ 140, each guest would only pay US$ 14! In other words, an amount that you would never pay in a luxury hotel \u2013 you may even find something close to that, but in very poor accommodation and with zero security. Therefore, in this case, the house is a more economical, comfortable and safe choice.<\/p><p>Remembering that the simplest holiday properties are those that, in Brazil, can be considered high standard: large houses, with garden, full kitchen, swimming pool and leisure area. Plus, for just a few dollars more you can get two- or three-story buildings and even more space to enjoy.<\/p><p>\u00a0<\/p><p style=\"text-align: center;\"><strong>3) Security that condominiums provide<\/strong><\/p><p style=\"text-align: center;\"><img decoding=\"async\" class=\"wp-image-6829 size-large aligncenter\" src=\"https:\/\/www.casastemporadaorlando.com\/wp-content\/uploads\/2023\/06\/casas-temporada-orlando-condominios-1024x595.jpg\" alt=\"\" width=\"828\" height=\"481\" srcset=\"https:\/\/casas.globalwd.com\/wp-content\/uploads\/2023\/06\/casas-temporada-orlando-condominios-1024x595.jpg 1024w, https:\/\/casas.globalwd.com\/wp-content\/uploads\/2023\/06\/casas-temporada-orlando-condominios-300x174.jpg 300w, https:\/\/casas.globalwd.com\/wp-content\/uploads\/2023\/06\/casas-temporada-orlando-condominios-768x446.jpg 768w, https:\/\/casas.globalwd.com\/wp-content\/uploads\/2023\/06\/casas-temporada-orlando-condominios-150x87.jpg 150w, https:\/\/casas.globalwd.com\/wp-content\/uploads\/2023\/06\/casas-temporada-orlando-condominios-600x348.jpg 600w, https:\/\/casas.globalwd.com\/wp-content\/uploads\/2023\/06\/casas-temporada-orlando-condominios.jpg 1240w\" sizes=\"(max-width: 828px) 100vw, 828px\" \/><\/p><p style=\"text-align: left;\"><span style=\"text-align: start;\">For the same price as renting a holiday home with all the infrastructure and security for your family, you can stay in a cheap hotel, as a couple, for example. The big difference is the security that these hostings provide. What&#039;s more, we have houses and apartments of various sizes and capacities! Contact us and get a quote now.<\/span><\/p><p style=\"text-align: left;\"><span style=\"text-align: start;\">While houses are generally located in secure and constantly monitored condominiums, making it impossible for strangers to enter, there are many vulnerable hotels, which generally have suites that are easily accessible for possible theft. Therefore, if you intend to make significant purchases, it is worth taking into account that your assets will be much safer in a holiday home.<\/span><\/p><p style=\"text-align: center;\"><strong>4) Private leisure area to enjoy without stress<\/strong><\/p><p><img loading=\"lazy\" decoding=\"async\" class=\"size-large wp-image-6831 aligncenter\" src=\"https:\/\/www.casastemporadaorlando.com\/wp-content\/uploads\/2023\/06\/casas-temporada-orlando-piscina-privativa-1024x595.jpg\" alt=\"\" width=\"828\" height=\"481\" srcset=\"https:\/\/casas.globalwd.com\/wp-content\/uploads\/2023\/06\/casas-temporada-orlando-piscina-privativa-1024x595.jpg 1024w, https:\/\/casas.globalwd.com\/wp-content\/uploads\/2023\/06\/casas-temporada-orlando-piscina-privativa-300x174.jpg 300w, https:\/\/casas.globalwd.com\/wp-content\/uploads\/2023\/06\/casas-temporada-orlando-piscina-privativa-768x446.jpg 768w, https:\/\/casas.globalwd.com\/wp-content\/uploads\/2023\/06\/casas-temporada-orlando-piscina-privativa-150x87.jpg 150w, https:\/\/casas.globalwd.com\/wp-content\/uploads\/2023\/06\/casas-temporada-orlando-piscina-privativa-600x348.jpg 600w, https:\/\/casas.globalwd.com\/wp-content\/uploads\/2023\/06\/casas-temporada-orlando-piscina-privativa.jpg 1240w\" sizes=\"(max-width: 828px) 100vw, 828px\" \/><\/p><p>Most of <strong>houses for rent in Orlando<\/strong> They have a private pool with barbecue and a leisure area with a playground for children in the condominium. Imagine taking advantage of this infrastructure and organizing a barbecue by the pool with your family? In addition, many condominiums have a gym and large green areas with lakes, for those who want to relax or exercise.<\/p><p>Some resorts are so cool that they even have a convenience store, games room and cinema inside them. This way, you can enjoy moments outside the parks with your family, with the greatest comfort, privacy and convenience, without having to go far. When renting a house at Disney, it&#039;s worth keeping an eye on what the condominium offers.<\/p><p style=\"text-align: center;\"><strong>5) Privacy and comfort for your family<\/strong><\/p><p><img loading=\"lazy\" decoding=\"async\" class=\"size-large wp-image-6833 aligncenter\" src=\"https:\/\/www.casastemporadaorlando.com\/wp-content\/uploads\/2023\/06\/casas-temporada-orlando-privacidade-1024x595.jpg\" alt=\"\" width=\"828\" height=\"481\" srcset=\"https:\/\/casas.globalwd.com\/wp-content\/uploads\/2023\/06\/casas-temporada-orlando-privacidade-1024x595.jpg 1024w, https:\/\/casas.globalwd.com\/wp-content\/uploads\/2023\/06\/casas-temporada-orlando-privacidade-300x174.jpg 300w, https:\/\/casas.globalwd.com\/wp-content\/uploads\/2023\/06\/casas-temporada-orlando-privacidade-768x446.jpg 768w, https:\/\/casas.globalwd.com\/wp-content\/uploads\/2023\/06\/casas-temporada-orlando-privacidade-150x87.jpg 150w, https:\/\/casas.globalwd.com\/wp-content\/uploads\/2023\/06\/casas-temporada-orlando-privacidade-600x348.jpg 600w, https:\/\/casas.globalwd.com\/wp-content\/uploads\/2023\/06\/casas-temporada-orlando-privacidade.jpg 1240w\" sizes=\"(max-width: 828px) 100vw, 828px\" \/><\/p><p>There are people who hate that feeling of not feeling at home while traveling. A hotel is always reminding you that you are on the move. On the contrary, a house, even a seasonal one, brings with it that cozy atmosphere. You can rest on the sofa, walk around the condominium, make a cup of coffee whenever you want and not be disturbed by anyone.<\/p><p>Arriving and leaving at any time, having a barbecue, a party... renting a vacation property in Orlando is like being in your own home, but with the advantage of being next to Disney, with all the infrastructure to make the trip unforgettable.<\/p><p style=\"text-align: center;\"><strong>6) Experience the American lifestyle!<\/strong><\/p><p><img loading=\"lazy\" decoding=\"async\" class=\"size-large wp-image-6835 aligncenter\" src=\"https:\/\/www.casastemporadaorlando.com\/wp-content\/uploads\/2023\/06\/casas-temporada-orlando-churrasco-1024x595.jpg\" alt=\"\" width=\"828\" height=\"481\" srcset=\"https:\/\/casas.globalwd.com\/wp-content\/uploads\/2023\/06\/casas-temporada-orlando-churrasco-1024x595.jpg 1024w, https:\/\/casas.globalwd.com\/wp-content\/uploads\/2023\/06\/casas-temporada-orlando-churrasco-300x174.jpg 300w, https:\/\/casas.globalwd.com\/wp-content\/uploads\/2023\/06\/casas-temporada-orlando-churrasco-768x446.jpg 768w, https:\/\/casas.globalwd.com\/wp-content\/uploads\/2023\/06\/casas-temporada-orlando-churrasco-150x87.jpg 150w, https:\/\/casas.globalwd.com\/wp-content\/uploads\/2023\/06\/casas-temporada-orlando-churrasco-600x348.jpg 600w, https:\/\/casas.globalwd.com\/wp-content\/uploads\/2023\/06\/casas-temporada-orlando-churrasco.jpg 1240w\" sizes=\"(max-width: 828px) 100vw, 828px\" \/><br \/>Another advantage of choosing to rent a vacation home is the possibility of experiencing the American Way of Life, that is, enjoying the typically American lifestyle while in Orlando. Get to know the features of a house in the United States, its infrastructure, enjoy a barbecue by the pool, drive around the city, ride a bike in the condominium, go to the gym, the supermarket and so on.<\/p><p>Not to mention that many of the properties accept pets, so taking your pet dog to experience all this is also a possibility.<\/p><p style=\"text-align: center;\"><strong>7) Support from Global Homes\/CFRM Villas (licensed in Florida since 2005)<\/strong><\/p><p><img loading=\"lazy\" decoding=\"async\" class=\"size-large wp-image-6836 aligncenter\" src=\"https:\/\/www.casastemporadaorlando.com\/wp-content\/uploads\/2023\/06\/casas-temporada-orlando-disney-1024x595.jpg\" alt=\"\" width=\"828\" height=\"481\" srcset=\"https:\/\/casas.globalwd.com\/wp-content\/uploads\/2023\/06\/casas-temporada-orlando-disney-1024x595.jpg 1024w, https:\/\/casas.globalwd.com\/wp-content\/uploads\/2023\/06\/casas-temporada-orlando-disney-300x174.jpg 300w, https:\/\/casas.globalwd.com\/wp-content\/uploads\/2023\/06\/casas-temporada-orlando-disney-768x446.jpg 768w, https:\/\/casas.globalwd.com\/wp-content\/uploads\/2023\/06\/casas-temporada-orlando-disney-150x87.jpg 150w, https:\/\/casas.globalwd.com\/wp-content\/uploads\/2023\/06\/casas-temporada-orlando-disney-600x348.jpg 600w, https:\/\/casas.globalwd.com\/wp-content\/uploads\/2023\/06\/casas-temporada-orlando-disney.jpg 1240w\" sizes=\"(max-width: 828px) 100vw, 828px\" \/><br \/>After checking out all the advantages that renting a vacation home at Disney has, it&#039;s time to choose the company that will advise you on this adventure. Here in <strong>Global Homes<\/strong> We offer complete support (in Portuguese, English and Spanish!) from the planning stage of your trip in Brazil to the final moment of your stay in the United States.<\/p><p style=\"text-align: center;\"><strong>So, all you have to worry about is having fun!<\/strong><\/p><p style=\"text-align: center;\"><strong>Alexandre Gomes \u2013 General Director in Brazil<\/strong><\/p>\t\t\t\t\t\t<\/div>\n\t\t\t\t<\/div>\n\t\t\t\t\t<\/div>\n\t\t<\/div>\n\t\t\t\t\t<\/div>\n\t\t<\/section>\n\t\t\t\t<\/div>","protected":false},"excerpt":{"rendered":"<p>Se voc\u00ea decidiu que o pr\u00f3ximo destino de sua fam\u00edlia ser\u00e1 a Disney e j\u00e1 quer come\u00e7ar a planejar a viagem, \u00e9 o momento de escolher se vai se hospedar em hotel ou em uma casa de temporada em Orlando. Afinal, qual op\u00e7\u00e3o \u00e9 a mais vantajosa? Mais econ\u00f4mica? Mais confort\u00e1vel? A seguir, listamos as&#8230;<\/p>","protected":false},"author":1,"featured_media":0,"parent":0,"menu_order":0,"comment_status":"closed","ping_status":"closed","template":"templates\/full-width.php","meta":{"footnotes":""},"class_list":["post-6822","page","type-page","status-publish","hentry"],"_links":{"self":[{"href":"https:\/\/casas.globalwd.com\/en\/wp-json\/wp\/v2\/pages\/6822","targetHints":{"allow":["GET"]}}],"collection":[{"href":"https:\/\/casas.globalwd.com\/en\/wp-json\/wp\/v2\/pages"}],"about":[{"href":"https:\/\/casas.globalwd.com\/en\/wp-json\/wp\/v2\/types\/page"}],"author":[{"embeddable":true,"href":"https:\/\/casas.globalwd.com\/en\/wp-json\/wp\/v2\/users\/1"}],"replies":[{"embeddable":true,"href":"https:\/\/casas.globalwd.com\/en\/wp-json\/wp\/v2\/comments?post=6822"}],"version-history":[{"count":0,"href":"https:\/\/casas.globalwd.com\/en\/wp-json\/wp\/v2\/pages\/6822\/revisions"}],"wp:attachment":[{"href":"https:\/\/casas.globalwd.com\/en\/wp-json\/wp\/v2\/media?parent=6822"}],"curies":[{"name":"wp","href":"https:\/\/api.w.org\/{rel}","templated":true}]}}