{"id":5708,"date":"2023-05-23T14:31:57","date_gmt":"2023-05-23T17:31:57","guid":{"rendered":"https:\/\/www.casastemporadaorlando.com\/?page_id=5708"},"modified":"2023-07-27T10:45:15","modified_gmt":"2023-07-27T13:45:15","slug":"investir-em-casa-orlando","status":"publish","type":"page","link":"https:\/\/casas.globalwd.com\/en\/invest-in-home-orlando\/","title":{"rendered":"Do you want to invest?"},"content":{"rendered":"<div data-elementor-type=\"wp-page\" data-elementor-id=\"5708\" class=\"elementor elementor-5708\" data-elementor-post-type=\"page\">\n\t\t\t\t\t\t<section class=\"elementor-section elementor-top-section elementor-element elementor-element-1c7e19c9 elementor-section-boxed elementor-section-height-default elementor-section-height-default\" data-id=\"1c7e19c9\" data-element_type=\"section\">\n\t\t\t\t\t\t<div class=\"elementor-container elementor-column-gap-default\">\n\t\t\t\t\t<div class=\"elementor-column elementor-col-100 elementor-top-column elementor-element elementor-element-69ff64b4\" data-id=\"69ff64b4\" data-element_type=\"column\">\n\t\t\t<div class=\"elementor-widget-wrap elementor-element-populated\">\n\t\t\t\t\t\t<div class=\"elementor-element elementor-element-1bf9695b elementor-widget elementor-widget-text-editor\" data-id=\"1bf9695b\" data-element_type=\"widget\" data-widget_type=\"text-editor.default\">\n\t\t\t\t<div class=\"elementor-widget-container\">\n\t\t\t<style>\/*! elementor - v3.23.0 - 05-08-2024 *\/\n.elementor-widget-text-editor.elementor-drop-cap-view-stacked .elementor-drop-cap{background-color:#69727d;color:#fff}.elementor-widget-text-editor.elementor-drop-cap-view-framed .elementor-drop-cap{color:#69727d;border:3px solid;background-color:transparent}.elementor-widget-text-editor:not(.elementor-drop-cap-view-default) .elementor-drop-cap{margin-top:8px}.elementor-widget-text-editor:not(.elementor-drop-cap-view-default) .elementor-drop-cap-letter{width:1em;height:1em}.elementor-widget-text-editor .elementor-drop-cap{float:left;text-align:center;line-height:1;font-size:50px}.elementor-widget-text-editor .elementor-drop-cap-letter{display:inline-block}<\/style>\t\t\t\t<p><strong>WHAT IS NECESSARY?<\/strong><\/p><p>The only document needed for you to buy a house in Florida is your Brazilian Passport and American Visa.<\/p><p><strong>CAN A BRAZILIAN FINANCE A PROPERTY IN FLORIDA?<\/strong><\/p><p>Yes. You just need to have a 2-year employment relationship (you can be an employee, entrepreneur or self-employed professional), an updated Income Tax declaration and a monthly income of 3 times the value of the installment. Banks finance between 50% and 75% of the value of the property, with interest of 5-6% per year, for a period of up to 30 years.<\/p><p><strong>ARE THERE ANY AGE RESTRICTIONS FOR OBTAINING REAL ESTATE FINANCING?<\/strong><\/p><p>No. Anyone who meets the economic requirements can apply for real estate financing.<\/p><p><strong>HOW MUCH WILL MY INVESTMENT IN PROPERTY RETURN?<\/strong><\/p><p>There are two forms of income: \u2013 Property Appreciation: Between 2012 and 2014, properties appreciated in value by around 8.5% per year. \u2013 Rental income: Between 4% and 6% per year, after all expenses have been deducted.<\/p><p><strong>CAN I USE MY HOME WHENEVER I WANT?<\/strong><\/p><p>Yes, if you schedule it well in advance. What you cannot do is decide to use it at the last minute and request a breach of contract with an already confirmed guest.<\/p><p><strong><a href=\"\/contato\/\">Get in touch<\/a><\/strong>\u00a0contact us for more information.<\/p>\t\t\t\t\t\t<\/div>\n\t\t\t\t<\/div>\n\t\t\t\t\t<\/div>\n\t\t<\/div>\n\t\t\t\t\t<\/div>\n\t\t<\/section>\n\t\t\t\t<\/div>","protected":false},"excerpt":{"rendered":"<p>O QUE \u00c9 NECESS\u00c1RIO? O \u00fanico documento necess\u00e1rio para voc\u00ea comprar uma casa na Fl\u00f3rida \u00e9 o seu Passaporte Brasileiro e Visto Americano. BRASILEIRO PODE FINANCIAR UM IM\u00d3VEL NA FL\u00d3RIDA? Sim. Basta ter 2 anos de v\u00ednculo de trabalho (pode ser empregado, empres\u00e1rio ou profissional aut\u00f4nomo), declara\u00e7\u00e3o de Imposto de Renda atualizada e renda mensal&#8230;<\/p>","protected":false},"author":1,"featured_media":0,"parent":0,"menu_order":0,"comment_status":"closed","ping_status":"closed","template":"templates\/full-width.php","meta":{"footnotes":""},"class_list":["post-5708","page","type-page","status-publish","hentry"],"_links":{"self":[{"href":"https:\/\/casas.globalwd.com\/en\/wp-json\/wp\/v2\/pages\/5708","targetHints":{"allow":["GET"]}}],"collection":[{"href":"https:\/\/casas.globalwd.com\/en\/wp-json\/wp\/v2\/pages"}],"about":[{"href":"https:\/\/casas.globalwd.com\/en\/wp-json\/wp\/v2\/types\/page"}],"author":[{"embeddable":true,"href":"https:\/\/casas.globalwd.com\/en\/wp-json\/wp\/v2\/users\/1"}],"replies":[{"embeddable":true,"href":"https:\/\/casas.globalwd.com\/en\/wp-json\/wp\/v2\/comments?post=5708"}],"version-history":[{"count":0,"href":"https:\/\/casas.globalwd.com\/en\/wp-json\/wp\/v2\/pages\/5708\/revisions"}],"wp:attachment":[{"href":"https:\/\/casas.globalwd.com\/en\/wp-json\/wp\/v2\/media?parent=5708"}],"curies":[{"name":"wp","href":"https:\/\/api.w.org\/{rel}","templated":true}]}}