{"id":5706,"date":"2023-05-23T14:30:56","date_gmt":"2023-05-23T17:30:56","guid":{"rendered":"https:\/\/www.casastemporadaorlando.com\/?page_id=5706"},"modified":"2023-07-27T10:39:00","modified_gmt":"2023-07-27T13:39:00","slug":"politica-de-pagamentos","status":"publish","type":"page","link":"https:\/\/casas.globalwd.com\/en\/payment-policy\/","title":{"rendered":"Payment Policy"},"content":{"rendered":"<div data-elementor-type=\"wp-page\" data-elementor-id=\"5706\" class=\"elementor elementor-5706\" data-elementor-post-type=\"page\">\n\t\t\t\t\t\t<section class=\"elementor-section elementor-top-section elementor-element elementor-element-6bee17e5 elementor-section-boxed elementor-section-height-default elementor-section-height-default\" data-id=\"6bee17e5\" data-element_type=\"section\">\n\t\t\t\t\t\t<div class=\"elementor-container elementor-column-gap-default\">\n\t\t\t\t\t<div class=\"elementor-column elementor-col-100 elementor-top-column elementor-element elementor-element-358d9e21\" data-id=\"358d9e21\" data-element_type=\"column\">\n\t\t\t<div class=\"elementor-widget-wrap elementor-element-populated\">\n\t\t\t\t\t\t<div class=\"elementor-element elementor-element-2b5d0fc9 elementor-widget elementor-widget-text-editor\" data-id=\"2b5d0fc9\" data-element_type=\"widget\" data-widget_type=\"text-editor.default\">\n\t\t\t\t<div class=\"elementor-widget-container\">\n\t\t\t<style>\/*! elementor - v3.23.0 - 05-08-2024 *\/\n.elementor-widget-text-editor.elementor-drop-cap-view-stacked .elementor-drop-cap{background-color:#69727d;color:#fff}.elementor-widget-text-editor.elementor-drop-cap-view-framed .elementor-drop-cap{color:#69727d;border:3px solid;background-color:transparent}.elementor-widget-text-editor:not(.elementor-drop-cap-view-default) .elementor-drop-cap{margin-top:8px}.elementor-widget-text-editor:not(.elementor-drop-cap-view-default) .elementor-drop-cap-letter{width:1em;height:1em}.elementor-widget-text-editor .elementor-drop-cap{float:left;text-align:center;line-height:1;font-size:50px}.elementor-widget-text-editor .elementor-drop-cap-letter{display:inline-block}<\/style>\t\t\t\t<div class=\"article__body\"><p><strong>Payment methods<\/strong><\/p><p>Payment can be made via credit card (PayPal\/Mercado Pago), bank slip and PIX.<\/p><p><strong>Bank slip or PIX:<\/strong><\/p><p>You can choose to pay by bank slip or PIX. However, the entire amount of your reservation must be paid before your trip, without exceptions. From the moment the invoice is issued, you will have up to 5 calendar days to make the payment. The invoice must be printed on the same day as the order.<br \/>Important: The period for identifying payments by bank slip takes an average of 2 business days, as it may vary depending on the bank&#039;s return with the validation\/clearance of the bank slip payment.<\/p><p><strong>Credit Card (PayPal\/Mercado Pago):<\/strong><\/p><p>We accept payments via credit card only through PayPal or Mercado Pago (<strong><a href=\"https:\/\/www.mercadopago.com.br\" target=\"_blank\" rel=\"noopener\">https:\/\/www.mercadopago.com.br<\/a><\/strong>), PayPal is a leading payment\/receipt company worldwide, to find out more visit <a href=\"https:\/\/www.paypal.com\/br\/webapps\/mpp\/paypal-safety-and-security\" target=\"_blank\" rel=\"noopener\"><strong>https:\/\/www.paypal.com<\/strong><\/a>.<\/p><p><strong>Installment on the credit card:<\/strong><\/p><p>Reservation fees can be paid in up to 6 interest-free installments via credit card or, in the case of payment via bank slip or PIX, the entire amount of your reservation must be paid before your trip, without exceptions.<\/p><p><strong>Security Deposit:<\/strong><\/p><p>The security deposit is a common practice in all rental contracts. Even if you don&#039;t see it, this is also a common practice in hotels, when the receptionist puts a block on your credit card. This measure is adopted to ensure that any damage can be automatically compensated. After leaving the property, the manager will carry out a complete inspection and say if he found any inconsistencies. If confirmed, the photos will be sent to the customer with the respective charge. Don&#039;t worry, small damages such as broken glasses are not charged. Everything is done with complete transparency.<\/p><p><strong>Reservation Payment:<\/strong><\/p><p>The reservation takes place immediately after paying the reservation fee (from US$ 175), via credit card or bank slip) and signing the contract. You will then receive confirmation of your reservation, and the rest of the payment can be made 8 weeks before the trip or in up to 6 installments via credit card (PayPal). Once you have fully paid off the agreed amount, you will receive the voucher with information about the rented house.<\/p><\/div>\t\t\t\t\t\t<\/div>\n\t\t\t\t<\/div>\n\t\t\t\t\t<\/div>\n\t\t<\/div>\n\t\t\t\t\t<\/div>\n\t\t<\/section>\n\t\t\t\t<\/div>","protected":false},"excerpt":{"rendered":"<p>Formas de Pagamento O pagamento pode ser efetuado atrav\u00e9s de cart\u00e3o de cr\u00e9dito (PayPal\/Mercado Pago), boleto banc\u00e1rio e PIX. Boleto Banc\u00e1rio ou PIX: Voc\u00ea poder\u00e1 optar pela op\u00e7\u00e3o de pagamento por boleto banc\u00e1rio ou PIX. Por\u00e9m, todo o valor de sua reserva dever\u00e1 ser quitada antes de sua viagem, sem exce\u00e7\u00f5es. A partir do momento&#8230;<\/p>","protected":false},"author":1,"featured_media":0,"parent":0,"menu_order":0,"comment_status":"closed","ping_status":"closed","template":"templates\/full-width.php","meta":{"footnotes":""},"class_list":["post-5706","page","type-page","status-publish","hentry"],"_links":{"self":[{"href":"https:\/\/casas.globalwd.com\/en\/wp-json\/wp\/v2\/pages\/5706","targetHints":{"allow":["GET"]}}],"collection":[{"href":"https:\/\/casas.globalwd.com\/en\/wp-json\/wp\/v2\/pages"}],"about":[{"href":"https:\/\/casas.globalwd.com\/en\/wp-json\/wp\/v2\/types\/page"}],"author":[{"embeddable":true,"href":"https:\/\/casas.globalwd.com\/en\/wp-json\/wp\/v2\/users\/1"}],"replies":[{"embeddable":true,"href":"https:\/\/casas.globalwd.com\/en\/wp-json\/wp\/v2\/comments?post=5706"}],"version-history":[{"count":0,"href":"https:\/\/casas.globalwd.com\/en\/wp-json\/wp\/v2\/pages\/5706\/revisions"}],"wp:attachment":[{"href":"https:\/\/casas.globalwd.com\/en\/wp-json\/wp\/v2\/media?parent=5706"}],"curies":[{"name":"wp","href":"https:\/\/api.w.org\/{rel}","templated":true}]}}