{"id":5704,"date":"2023-05-23T14:30:13","date_gmt":"2023-05-23T17:30:13","guid":{"rendered":"https:\/\/www.casastemporadaorlando.com\/?page_id=5704"},"modified":"2023-07-27T10:30:30","modified_gmt":"2023-07-27T13:30:30","slug":"seguranca","status":"publish","type":"page","link":"https:\/\/casas.globalwd.com\/en\/security\/","title":{"rendered":"Security"},"content":{"rendered":"<div data-elementor-type=\"wp-page\" data-elementor-id=\"5704\" class=\"elementor elementor-5704\" data-elementor-post-type=\"page\">\n\t\t\t\t\t\t<section class=\"elementor-section elementor-top-section elementor-element elementor-element-220abced elementor-section-boxed elementor-section-height-default elementor-section-height-default\" data-id=\"220abced\" data-element_type=\"section\">\n\t\t\t\t\t\t<div class=\"elementor-container elementor-column-gap-default\">\n\t\t\t\t\t<div class=\"elementor-column elementor-col-100 elementor-top-column elementor-element elementor-element-78aee5f2\" data-id=\"78aee5f2\" data-element_type=\"column\">\n\t\t\t<div class=\"elementor-widget-wrap elementor-element-populated\">\n\t\t\t\t\t\t<div class=\"elementor-element elementor-element-3b1205a9 elementor-widget elementor-widget-text-editor\" data-id=\"3b1205a9\" data-element_type=\"widget\" data-widget_type=\"text-editor.default\">\n\t\t\t\t<div class=\"elementor-widget-container\">\n\t\t\t<style>\/*! elementor - v3.23.0 - 05-08-2024 *\/\n.elementor-widget-text-editor.elementor-drop-cap-view-stacked .elementor-drop-cap{background-color:#69727d;color:#fff}.elementor-widget-text-editor.elementor-drop-cap-view-framed .elementor-drop-cap{color:#69727d;border:3px solid;background-color:transparent}.elementor-widget-text-editor:not(.elementor-drop-cap-view-default) .elementor-drop-cap{margin-top:8px}.elementor-widget-text-editor:not(.elementor-drop-cap-view-default) .elementor-drop-cap-letter{width:1em;height:1em}.elementor-widget-text-editor .elementor-drop-cap{float:left;text-align:center;line-height:1;font-size:50px}.elementor-widget-text-editor .elementor-drop-cap-letter{display:inline-block}<\/style>\t\t\t\t<p>A\u00a0<strong>Global Homes<\/strong>\u00a0has a special commitment to you, our client, regarding the security and privacy of your data. Respect for customers and the confidentiality of their information is very important to us.<\/p><p>Therefore, you, customer of\u00a0<strong>Global Homes<\/strong>, you are guaranteed that all transactions through our company are extremely secure.<\/p><p><strong>Credit Card Transactions:\u00a0<\/strong><\/p><p>For your security, data provided through Credit Card transactions is not stored on our website. We always use an intermediary that guarantees the transaction, in our case PayPal or Mercado Pago.<\/p><p><strong>Using SSL Security:<\/strong><\/p><p>A\u00a0<strong>Global Homes\u00a0<\/strong>puts the security of your information above all else, for this reason we use the most reliable technologies to ensure that your purchase is safer. Check out the resources we use below:<\/p><p><strong>Shielded SSL Certificate<\/strong>\u00a0\u2013 With this certificate your data is encrypted, that is, after submitting your data it will be transformed into code while it travels to our server and only becomes data again when it is in our possession. This makes it impossible for third parties to access data such as CPF and\/or your payment details.<br \/>When you see the HTTPS code at the address instead of HTTP in your browser, it is an indicator that the site has SSL encryption and therefore you can be confident in depositing your information safely.<\/p><p><strong>Use of Information:<\/strong><\/p><p>A G<strong>lobalhomes<\/strong>\u00a0undertakes to never reveal the registration data of its customers.<br \/>Newsletters are only sent to people who request them and who can cancel at any time.<\/p><p><strong>Questions and Suggestions:<\/strong><br \/>If you have any questions or suggestions about security and privacy or any other aspect of our purchasing process, do not hesitate to contact us.<\/p>\t\t\t\t\t\t<\/div>\n\t\t\t\t<\/div>\n\t\t\t\t\t<\/div>\n\t\t<\/div>\n\t\t\t\t\t<\/div>\n\t\t<\/section>\n\t\t\t\t<\/div>","protected":false},"excerpt":{"rendered":"<p>A\u00a0Global Homes\u00a0tem um especial compromisso com voc\u00ea, nosso cliente, quanto \u00e0 seguran\u00e7a e privacidade de seus dados. O respeito ao cliente e o sigilo de suas informa\u00e7\u00f5es \u00e9 muito importante para n\u00f3s. Por isso, voc\u00ea, cliente da\u00a0Global Homes, tem a garantia que todas as transa\u00e7\u00f5es atrav\u00e9s de nossa empresa s\u00e3o extremamente seguras. Transa\u00e7\u00f5es com Cart\u00e3o&#8230;<\/p>","protected":false},"author":1,"featured_media":0,"parent":0,"menu_order":0,"comment_status":"closed","ping_status":"closed","template":"templates\/full-width.php","meta":{"footnotes":""},"class_list":["post-5704","page","type-page","status-publish","hentry"],"_links":{"self":[{"href":"https:\/\/casas.globalwd.com\/en\/wp-json\/wp\/v2\/pages\/5704","targetHints":{"allow":["GET"]}}],"collection":[{"href":"https:\/\/casas.globalwd.com\/en\/wp-json\/wp\/v2\/pages"}],"about":[{"href":"https:\/\/casas.globalwd.com\/en\/wp-json\/wp\/v2\/types\/page"}],"author":[{"embeddable":true,"href":"https:\/\/casas.globalwd.com\/en\/wp-json\/wp\/v2\/users\/1"}],"replies":[{"embeddable":true,"href":"https:\/\/casas.globalwd.com\/en\/wp-json\/wp\/v2\/comments?post=5704"}],"version-history":[{"count":0,"href":"https:\/\/casas.globalwd.com\/en\/wp-json\/wp\/v2\/pages\/5704\/revisions"}],"wp:attachment":[{"href":"https:\/\/casas.globalwd.com\/en\/wp-json\/wp\/v2\/media?parent=5704"}],"curies":[{"name":"wp","href":"https:\/\/api.w.org\/{rel}","templated":true}]}}