{"id":5699,"date":"2023-05-23T14:24:21","date_gmt":"2023-05-23T17:24:21","guid":{"rendered":"https:\/\/www.casastemporadaorlando.com\/?page_id=5699"},"modified":"2023-07-27T10:27:04","modified_gmt":"2023-07-27T13:27:04","slug":"conheca-a-global-homes","status":"publish","type":"page","link":"https:\/\/casas.globalwd.com\/en\/get-to-know-global-homes\/","title":{"rendered":"Discover Global Homes"},"content":{"rendered":"<div data-elementor-type=\"wp-page\" data-elementor-id=\"5699\" class=\"elementor elementor-5699\" data-elementor-post-type=\"page\">\n\t\t\t\t\t\t<section class=\"elementor-section elementor-top-section elementor-element elementor-element-43d5d49 elementor-section-boxed elementor-section-height-default elementor-section-height-default\" data-id=\"43d5d49\" data-element_type=\"section\">\n\t\t\t\t\t\t<div class=\"elementor-container elementor-column-gap-default\">\n\t\t\t\t\t<div class=\"elementor-column elementor-col-100 elementor-top-column elementor-element elementor-element-3a294694\" data-id=\"3a294694\" data-element_type=\"column\">\n\t\t\t<div class=\"elementor-widget-wrap elementor-element-populated\">\n\t\t\t\t\t\t<div class=\"elementor-element elementor-element-22eb70dc elementor-widget elementor-widget-text-editor\" data-id=\"22eb70dc\" data-element_type=\"widget\" data-widget_type=\"text-editor.default\">\n\t\t\t\t<div class=\"elementor-widget-container\">\n\t\t\t<style>\/*! elementor - v3.23.0 - 05-08-2024 *\/\n.elementor-widget-text-editor.elementor-drop-cap-view-stacked .elementor-drop-cap{background-color:#69727d;color:#fff}.elementor-widget-text-editor.elementor-drop-cap-view-framed .elementor-drop-cap{color:#69727d;border:3px solid;background-color:transparent}.elementor-widget-text-editor:not(.elementor-drop-cap-view-default) .elementor-drop-cap{margin-top:8px}.elementor-widget-text-editor:not(.elementor-drop-cap-view-default) .elementor-drop-cap-letter{width:1em;height:1em}.elementor-widget-text-editor .elementor-drop-cap{float:left;text-align:center;line-height:1;font-size:50px}.elementor-widget-text-editor .elementor-drop-cap-letter{display:inline-block}<\/style>\t\t\t\t<p>A <strong>Global Homes \u2013 Rental and Management of Vacation Homes in Orlando<\/strong> is a licensed Florida company specializing in the Vacation Home Buying and Selling Market in Orlando and the region since 2005.<\/p><p>Our company is known for excellent service to all our customers, guests and owners worldwide.<\/p><p>Our Reservations Department sells our holiday homes directly to the traveling public, which guarantees the best rates that the market allows at any time without intermediaries.<\/p><p><strong>Houses for Rent in Orlando<\/strong> or better <strong>Vacation Rental in the Orlando Region<\/strong>, as the locations are in Davenport, Kissimmee, Clermont, etc., as there are no seasonal rentals available in the city of Orlando, as it is prohibited by law.<\/p><p>These cities are close to Orlando and very close to Walt Disney World, approximately 5 to 19 minutes, depending on the Condominium.<\/p><p>A <strong>Global Homes<\/strong> It is currently the best option for you to have complete security in your rental and have a dream trip.<\/p><p>Buy or Rent your Home in Orlando with <strong>Global Homes, <a href=\"\/investir-em-casa-orlando\/\">Click here<\/a><\/strong> and find out more.<\/p><p>If you already own a property in Orlando and the region <strong><a href=\"https:\/\/proprietarios.casastemporadaorlando.com\/\" target=\"_blank\" rel=\"noopener\">visit our page<\/a> <\/strong>exclusive and find out what we can offer you!<\/p><p>Make your dream come true with us, buy, sell or rent your home in Orlando, <a href=\"\/contato\/\"><strong>contact us<\/strong><\/a>.<\/p><p><strong>Always count on us!<\/strong><\/p>\t\t\t\t\t\t<\/div>\n\t\t\t\t<\/div>\n\t\t\t\t\t<\/div>\n\t\t<\/div>\n\t\t\t\t\t<\/div>\n\t\t<\/section>\n\t\t\t\t<\/div>","protected":false},"excerpt":{"rendered":"<p>A Global Homes \u2013 Loca\u00e7\u00e3o e Gerenciamento de Casas para Temporada em Orlando \u00e9 uma empresa licenciada da Fl\u00f3rida, especializada no Mercado de Compra e Venda de Casas de Temporada em Orlando e regi\u00e3o desde 2005. Nossa empresa \u00e9 conhecida pele excel\u00eancia de atendimentoa todos os nossos clientes, h\u00f3spedes e propriet\u00e1rios\u00a0 a n\u00edvel mundial O&#8230;<\/p>","protected":false},"author":1,"featured_media":0,"parent":0,"menu_order":0,"comment_status":"closed","ping_status":"closed","template":"templates\/full-width.php","meta":{"footnotes":""},"class_list":["post-5699","page","type-page","status-publish","hentry"],"_links":{"self":[{"href":"https:\/\/casas.globalwd.com\/en\/wp-json\/wp\/v2\/pages\/5699","targetHints":{"allow":["GET"]}}],"collection":[{"href":"https:\/\/casas.globalwd.com\/en\/wp-json\/wp\/v2\/pages"}],"about":[{"href":"https:\/\/casas.globalwd.com\/en\/wp-json\/wp\/v2\/types\/page"}],"author":[{"embeddable":true,"href":"https:\/\/casas.globalwd.com\/en\/wp-json\/wp\/v2\/users\/1"}],"replies":[{"embeddable":true,"href":"https:\/\/casas.globalwd.com\/en\/wp-json\/wp\/v2\/comments?post=5699"}],"version-history":[{"count":0,"href":"https:\/\/casas.globalwd.com\/en\/wp-json\/wp\/v2\/pages\/5699\/revisions"}],"wp:attachment":[{"href":"https:\/\/casas.globalwd.com\/en\/wp-json\/wp\/v2\/media?parent=5699"}],"curies":[{"name":"wp","href":"https:\/\/api.w.org\/{rel}","templated":true}]}}